{"id":2544,"date":"2023-05-24T13:17:10","date_gmt":"2023-05-24T11:17:10","guid":{"rendered":"https:\/\/catadi.com\/cz\/?page_id=2544"},"modified":"2023-07-11T11:11:20","modified_gmt":"2023-07-11T09:11:20","slug":"zasady-pouzivani-souboru-cookie","status":"publish","type":"page","link":"https:\/\/catadi.com\/cz\/zasady-pouzivani-souboru-cookie\/","title":{"rendered":"Z\u00e1sady pou\u017e\u00edv\u00e1n\u00ed soubor\u016f cookie"},"content":{"rendered":"<div class=\"fusion-fullwidth fullwidth-box fusion-builder-row-1 fusion-flex-container nonhundred-percent-fullwidth non-hundred-percent-height-scrolling\" style=\"--awb-border-radius-top-left:0px;--awb-border-radius-top-right:0px;--awb-border-radius-bottom-right:0px;--awb-border-radius-bottom-left:0px;--awb-flex-wrap:wrap;\" ><div class=\"fusion-builder-row fusion-row fusion-flex-align-items-flex-start fusion-flex-content-wrap\" style=\"max-width:1331.2px;margin-left: calc(-4% \/ 2 );margin-right: calc(-4% \/ 2 );\"><div class=\"fusion-layout-column fusion_builder_column fusion-builder-column-0 fusion_builder_column_1_1 1_1 fusion-flex-column\" style=\"--awb-bg-size:cover;--awb-width-large:100%;--awb-margin-top-large:0px;--awb-spacing-right-large:1.92%;--awb-margin-bottom-large:0px;--awb-spacing-left-large:1.92%;--awb-width-medium:100%;--awb-spacing-right-medium:1.92%;--awb-spacing-left-medium:1.92%;--awb-width-small:100%;--awb-spacing-right-small:1.92%;--awb-spacing-left-small:1.92%;\"><div class=\"fusion-column-wrapper fusion-flex-justify-content-flex-start fusion-content-layout-column\"><div class=\"fusion-text fusion-text-1\"><\/p>\n<div class=\"vc_row wpb_row vc_row-fluid mpc-row\">\n<div class=\"wpb_column vc_column_container vc_col-sm-12 mpc-column\" data-column-id=\"mpc_column-98646df130c5c53\">\n<div class=\"vc_column-inner\">\n<div class=\"wpb_wrapper\">\n<div class=\"wpb_text_column wpb_content_element \">\n<div class=\"wpb_wrapper\">\n<p><strong>\u00davod<\/strong><\/p>\n<p>\u00a0 Oknoplast Sp. z oo se s\u00eddlem v Ochmanow\u011b, d\u00e1le jen \u201eOknoplast\u201c nebo \u201eSpole\u010dnost\u201c, p\u0159ikl\u00e1d\u00e1 velk\u00fd v\u00fdznam ochran\u011b soukrom\u00ed a bezpe\u010dnosti v\u0161ech n\u00e1v\u0161t\u011bvn\u00edk\u016f webov\u00fdch str\u00e1nek spravovan\u00fdch Spole\u010dnost\u00ed. \u00a0 V tomto dokumentu chceme uv\u00e9st nejd\u016fle\u017eit\u011bj\u0161\u00ed informace souvisej\u00edc\u00ed s pou\u017e\u00edv\u00e1n\u00edm cookies na na\u0161ich webov\u00fdch str\u00e1nk\u00e1ch. \u00a0<\/p>\n<p><strong>II. Co jsou cookies?<\/strong><\/p>\n<p>Cookies jsou mal\u00e9 textov\u00e9 soubory, kter\u00e9 se ukl\u00e1daj\u00ed do za\u0159\u00edzen\u00ed u\u017eivatele p\u0159i prohl\u00ed\u017een\u00ed webov\u00e9 str\u00e1nky, nap\u0159\u00edklad na po\u010d\u00edta\u010di nebo chytr\u00e9m telefonu. Jsou \u010dasto pou\u017e\u00edv\u00e1ny na webov\u00fdch str\u00e1nk\u00e1ch a maj\u00ed mnoho u\u017eite\u010dn\u00fdch funkc\u00ed pro v\u00e1s i spr\u00e1vce webu. \u00a0<\/p>\n<p><strong>III. Pro\u010d pot\u0159ebujete m\u016fj souhlas se soubory cookie?<\/strong><\/p>\n<p>\u00a0\u00a0<strong>Chcete-li vyu\u017e\u00edvat v\u0161echny funkce na webov\u00e9 str\u00e1nce, pot\u0159ebujeme v\u00e1\u0161 souhlas s pou\u017e\u00edv\u00e1n\u00edm cookies. Toto je d\u016fle\u017eit\u00e1 v\u011bc! D\u00edky cookies:<\/strong>\u00a0<strong>\u00a0<\/strong><\/p>\n<ul>\n<li>\n<p>db\u00e1me o bezpe\u010dnost webov\u00fdch str\u00e1nek,<\/p>\n<\/li>\n<li>\n<p>zobrazujeme v\u00e1m webovou str\u00e1nku a jej\u00ed z\u00e1kladn\u00ed funkce<\/p>\n<\/li>\n<li>\n<p>zlep\u0161ujeme provoz a v\u00fdkonnost webov\u00fdch str\u00e1nek,<\/p>\n<\/li>\n<li>\n<p>poskytujeme p\u0159\u00edstup k vide\u00edm YouTube na webov\u00e9 str\u00e1nce ak soci\u00e1ln\u00edm m\u00e9di\u00edm,<\/p>\n<\/li>\n<li>\n<p>optimalizujeme provoz webu d\u00edky statistik\u00e1m,<\/p>\n<\/li>\n<li>\n<p>pamatujeme si preference u\u017eivatele, jako je jazyk webov\u00e9 str\u00e1nky,<\/p>\n<\/li>\n<li>\n<p>v\u00edme, co v\u00e1s zaj\u00edm\u00e1 a v\u00edme v\u00e1m personalizovat obsah, d\u00edky \u010demu\u017e web napln\u00ed va\u0161e o\u010dek\u00e1v\u00e1n\u00ed.<\/p>\n<\/li>\n<\/ul>\n<p><strong>P\u0159ijmete-li v\u0161echny soubory cookie, budete moci naplno vyu\u017e\u00edvat webovou str\u00e1nku a pomoci n\u00e1m zlep\u0161it \u00farove\u0148 na\u0161ich slu\u017eeb. Pokud sv\u016fj souhlas neud\u011bl\u00edte, nainstalujeme pouze pot\u0159ebn\u00e9 soubory a n\u011bkter\u00e9 funkce nebudou fungovat, nap\u0159\u00edklad na webov\u00e9 str\u00e1nce neuvid\u00edte videa YouTube nebo koment\u00e1\u0159e z na\u0161eho blogu.<\/strong>\u00a0\u00a0 M\u016f\u017eete tak\u00e9 spravovat typy soubor\u016f cookie, se kter\u00fdmi souhlas\u00edte, na panelu zobrazen\u00e9m p\u0159i n\u00e1v\u0161t\u011bv\u011b na\u0161\u00ed webov\u00e9 str\u00e1nky nebo kliknut\u00edm na p\u0159\u00edslu\u0161n\u00fd bod IX n\u00ed\u017ee. \u00a0 \u00a0<\/p>\n<p><strong>IV. Jak\u00e9 soubory cookie se pou\u017e\u00edvaj\u00ed?<\/strong><\/p>\n<p>Soubory cookie maj\u00ed r\u016fzn\u00e9 funkce, kter\u00e9 n\u00e1m pom\u00e1haj\u00ed nejen postarat se o fungov\u00e1n\u00ed webov\u00e9 str\u00e1nky, ale tak\u00e9 usnad\u0148uj\u00ed jej\u00edm u\u017eivatel\u016fm jej\u00ed pou\u017e\u00edv\u00e1n\u00ed. \u00a0 Podrobn\u00fd seznam soubor\u016f cookie pou\u017e\u00edvan\u00fdch na webov\u00e9 str\u00e1nce naleznete v bod\u011b IX n\u00ed\u017ee. \u00a0 Na na\u0161\u00ed webov\u00e9 str\u00e1nce pou\u017e\u00edv\u00e1me n\u00e1sleduj\u00edc\u00ed typy cookies: \u00a0<\/p>\n<ul>\n<li>\n<p>Nezbytn\u00e9<\/p>\n<\/li>\n<\/ul>\n<p>Nezbytn\u00e9 soubory cookie jsou naprosto nezbytn\u00e9 pro spr\u00e1vn\u00e9 fungov\u00e1n\u00ed webov\u00e9 str\u00e1nky a nelze je spr\u00e1vn\u011b vypnout. Umo\u017e\u0148uj\u00ed navigaci na webu, zaji\u0161\u0165uj\u00ed jeho bezpe\u010dnost nebo umo\u017e\u0148uj\u00ed p\u0159\u00edstup ke slu\u017eb\u00e1m jako kontaktn\u00ed formul\u00e1\u0159 \u010di p\u0159ihl\u00e1\u0161en\u00ed. Bez t\u011bchto soubor\u016f cookies nem\u016f\u017ee webov\u00e1 str\u00e1nka spr\u00e1vn\u011b fungovat. \u00a0<\/p>\n<ul>\n<li>\n<p>P\u0159ednostn\u00ed<\/p>\n<\/li>\n<\/ul>\n<p>Tyto soubory cookie umo\u017e\u0148uj\u00ed webov\u00e9 str\u00e1nce zapamatovat si nastaven\u00ed str\u00e1nky, kter\u00e1 jste si vybrali, a pom\u00e1haj\u00ed n\u00e1m zlep\u0161it fungov\u00e1n\u00ed webov\u00e9 str\u00e1nky tak, aby byla pro v\u00e1s v\u00edce p\u0159izp\u016fsobena, nap\u0159\u00edklad preferovan\u00fd jazyk nebo region, ve kter\u00e9m se nach\u00e1z\u00edte. \u00a0<\/p>\n<ul>\n<li>\n<p>statistick\u00e9 (analytick\u00e9)<\/p>\n<\/li>\n<\/ul>\n<p>Statistick\u00e9 soubory cookies analyzuj\u00ed po\u010det n\u00e1v\u0161t\u011bv, zdroje n\u00e1v\u0161t\u011bvnosti webov\u00e9 str\u00e1nky a zp\u016fsob, jak\u00fdm n\u00e1v\u0161t\u011bvn\u00edci pou\u017e\u00edvaj\u00ed webovou str\u00e1nku, abychom mohli zlep\u0161it v\u00fdkonnost webov\u00e9 str\u00e1nky. Informace shrom\u00e1\u017ed\u011bn\u00e9 t\u011bmito soubory jsou obvykle prezentov\u00e1ny v anonymizovan\u00e9 form\u011b ve form\u011b souhrnn\u00e9ho v\u00fdsledku, nap\u0159\u00edklad po\u010det n\u00e1v\u0161t\u011bv na webov\u00e9 str\u00e1nce. Pokud s t\u011bmito soubory nebudete souhlasit, nebudeme moci web optimalizovat ani monitorovat n\u00e1v\u0161t\u011bvnost webu, co\u017e je kl\u00ed\u010dov\u00e9 pro efektivn\u00ed spr\u00e1vu webu. \u00a0<\/p>\n<ul>\n<li>\n<p>Marketingov\u00e9<\/p>\n<\/li>\n<\/ul>\n<p>Marketingov\u00e9 soubory cookies n\u00e1m pom\u00e1haj\u00ed dod\u00e1vat obsah a funkce na webov\u00e9 str\u00e1nce, kter\u00e9 v\u00e1s zaj\u00edmaj\u00ed. Tyto soubory pou\u017e\u00edv\u00e1me nap\u0159\u00edklad k pou\u017e\u00edv\u00e1n\u00ed funkc\u00ed, jako je p\u0159ehr\u00e1v\u00e1n\u00ed videa (YouTube) nebo z\u00e1suvn\u00e9 moduly soci\u00e1ln\u00edch m\u00e9di\u00ed (Facebook), p\u0159i\u010dem\u017e poskytovatel\u00e9 t\u011bchto slu\u017eeb mohou shrom\u00e1\u017ed\u011bn\u00e9 informace pou\u017e\u00edt pro vlastn\u00ed \u00fa\u010dely, o kter\u00fdch si m\u016f\u017eete p\u0159e\u010d\u00edst v jejich z\u00e1sad\u00e1ch ochrany osobn\u00edch \u00fadaj\u016f. Mohou b\u00fdt tak\u00e9 pou\u017eity k zobrazov\u00e1n\u00ed reklam a v\u00fdb\u011bru obsahu pro v\u00e1s souvisej\u00edc\u00edho se skupinou Oknoplast na z\u00e1klad\u011b va\u0161ich z\u00e1jm\u016f a zabr\u00e1n\u011bn\u00ed tomu, aby se v\u00e1m zobrazovala stejn\u00e1 reklama. Tyto informace pou\u017e\u00edv\u00e1me pro na\u0161e \u00fa\u010dely a neprod\u00e1v\u00e1me va\u0161e \u00fadaje t\u0159et\u00edm stran\u00e1m, p\u0159esto\u017ee poskytovatel\u00e9 ur\u010dit\u00fdch soubor\u016f cookie uveden\u00ed v tabulce v bod\u011b IX n\u00ed\u017ee je mohou pou\u017e\u00edt ke sv\u00fdm vlastn\u00edm \u00fa\u010del\u016fm. Google, Facebook. \u00a0<\/p>\n<p><strong>V. Jak dlouho jsou cookies ulo\u017eeny?<\/strong><\/p>\n<p>Soubory cookie mohou m\u00edt n\u00e1sleduj\u00edc\u00ed charakter:<\/p>\n<ol>\n<li>\n<p>Relace \u2013 jsou do\u010dasn\u011b ulo\u017eeny b\u011bhem pou\u017e\u00edv\u00e1n\u00ed webov\u00e9 str\u00e1nky a automaticky se vyma\u017eou po zav\u0159en\u00ed prohl\u00ed\u017ee\u010de.<\/p>\n<\/li>\n<li>\n<p>Trval\u00e9 \u2013 ukl\u00e1daj\u00ed se i po zav\u0159en\u00ed prohl\u00ed\u017ee\u010de na \u010das ur\u010den\u00fd vlastn\u00edkem souboru cookie.<\/p>\n<\/li>\n<\/ol>\n<p>\u00a0 \u00a0 Dobu uchov\u00e1v\u00e1n\u00ed ka\u017ed\u00e9ho souboru cookie naleznete v bod\u011b IX n\u00ed\u017ee. \u00a0<\/p>\n<p><strong>VI. Pou\u017e\u00edvaj\u00ed cookies jin\u00e9 subjekty?<\/strong><\/p>\n<p>Na webov\u00e9 str\u00e1nce pou\u017e\u00edv\u00e1me vlastn\u00ed cookies a ov\u011b\u0159en\u00e9 poskytovatele slu\u017eeb, jako jsou YouTube, WordPress, Google. \u00a0 Informace shrom\u00e1\u017ed\u011bn\u00e9 soubory cookie pou\u017e\u00edv\u00e1me pouze pro na\u0161e \u00fa\u010dely. Informace shrom\u00e1\u017ed\u011bn\u00e9 soubory cookie m\u016f\u017eeme sd\u00edlet se spole\u010dnost\u00ed jednaj\u00edc\u00ed v na\u0161em jm\u00e9nu ve va\u0161\u00ed oblasti, abychom v\u00e1m jako na\u0161emu klientovi mohli poskytovat slu\u017eby. V p\u0159\u00edpad\u011b vy\u0159izov\u00e1n\u00ed Va\u0161\u00ed popt\u00e1vky nebo p\u0159edkl\u00e1d\u00e1n\u00ed nab\u00eddky m\u016f\u017ee m\u00edt V\u00e1mi nebo n\u00e1mi vybran\u00fd Obchodn\u00ed partner p\u0159\u00edstup k informac\u00edm shrom\u00e1\u017ed\u011bn\u00fdm soubory cookie a Va\u0161im osobn\u00edm \u00fadaj\u016fm, pokud mu je spole\u010dnost Oknoplast poskytne, aby V\u00e1m poskytl slu\u017eby v rozsahu Produkty a slu\u017eby spole\u010dnosti Oknoplast nebo za \u00fa\u010delem kontaktov\u00e1n\u00ed na marketingov\u00e9 \u00fa\u010dely, pokud jste s t\u00edm souhlasili . \u00a0 Pokud n\u00e1\u0161 Obchodn\u00ed partner jedn\u00e1 pro sv\u00e9 vlastn\u00ed \u00fa\u010dely, nap\u0159\u00edklad. p\u0159i prodeji vlastn\u00edch produkt\u016f a slu\u017eeb, je nez\u00e1visl\u00fdm spr\u00e1vcem va\u0161ich osobn\u00edch \u00fadaj\u016f nebo informac\u00ed shrom\u00e1\u017ed\u011bn\u00fdch soubory cookie, kter\u00e9 pou\u017e\u00edv\u00e1 na sv\u00fdch webov\u00fdch str\u00e1nk\u00e1ch \u2013 v tomto p\u0159\u00edpad\u011b je zodpov\u011bdn\u00fd za sv\u00e9 vlastn\u00ed aktivity. \u00a0 Poskytovatel\u00e9 ur\u010dit\u00fdch soubor\u016f cookie je nav\u00edc mohou pou\u017e\u00edvat pro sv\u00e9 vlastn\u00ed \u00fa\u010dely, nap\u0159\u00edklad Google, Facebook, YouTube, o kter\u00fdch si m\u016f\u017eete p\u0159e\u010d\u00edst v jejich z\u00e1sad\u00e1ch ochrany osobn\u00edch \u00fadaj\u016f p\u0159ilo\u017een\u00fdch k dan\u00e9mu souboru se seznamem poskytovatel\u016f slu\u017eeb a jejich soubory cookie v tabulce v bod\u011b IX n\u00ed\u017ee. \u00a0<\/p>\n<p><strong>VII. Shroma\u017e\u010fuj\u00ed cookies m\u00e9 osobn\u00ed \u00fadaje?<\/strong><\/p>\n<p>Odpov\u011b\u010f z\u00e1vis\u00ed na typu souboru cookie. Obecn\u011b soubory cookie neshroma\u017e\u010fuj\u00ed informace, kter\u00e9 mohou p\u0159edstavovat osobn\u00ed \u00fadaje, tj. \u017e\u00e1dn\u00e9 informace o identifikovan\u00e9 nebo identifikovateln\u00e9 fyzick\u00e9 osob\u011b . \u00a0 Nap\u0159\u00edklad statistick\u00e9 soubory cookie sb\u00edraj\u00edc\u00ed informace o po\u010dtu n\u00e1v\u0161t\u011bv webov\u00e9 str\u00e1nky nebo informace analyzuj\u00edc\u00ed n\u00e1v\u0161t\u011bvnost webov\u00e9 str\u00e1nky obvykle nebudou osobn\u00edmi \u00fadaji, jeliko\u017e p\u016fjde o anonymizovan\u00e9 statistick\u00e9 informace, kter\u00e9 nebudeme moci p\u0159i\u0159adit ke konkr\u00e9tn\u00edmu u\u017eivateli. \u00a0 N\u011bkter\u00e9 ze shrom\u00e1\u017ed\u011bn\u00fdch informac\u00ed, nap\u0159\u00edklad. prost\u0159ednictv\u00edm marketingov\u00fdch soubor\u016f t\u00fdkaj\u00edc\u00edch se shroma\u017e\u010fov\u00e1n\u00ed informac\u00ed o va\u0161ich z\u00e1jmech na z\u00e1klad\u011b obsahu vyhled\u00e1van\u00e9ho na na\u0161\u00ed webov\u00e9 str\u00e1nce nebo prost\u0159ednictv\u00edm analytick\u00fdch soubor\u016f, v\u0161ak mohou p\u0159edstavovat osobn\u00ed \u00fadaje \u2013 lze-li je propojit s v\u00e1mi jako n\u00e1\u0161 klient nebo osoba, kter\u00e1 souhlasila s marketingov\u00fdm kontaktem, nap\u0159\u00edklad pomoc\u00ed \u010d\u00edsla za\u0159\u00edzen\u00ed, kter\u00e1 pou\u017e\u00edv\u00e1te a na kter\u00e9m je nainstalov\u00e1n soubor cookie. \u00a0 Star\u00e1me se o bezpe\u010dnost t\u011bchto informac\u00ed a pou\u017e\u00edv\u00e1me je pouze pro \u00fa\u010dely zpracov\u00e1n\u00ed va\u0161eho p\u0159\u00edpadu a na\u0161ich intern\u00edch anal\u00fdz prodeje. D\u00edky t\u011bmto informac\u00edm v\u00edme, co v\u00e1s na na\u0161ich produktech zaj\u00edm\u00e1 a um\u00edme v\u00e1m nab\u00eddnout personalizovan\u00fd obsah. D\u00edky tomu jste s na\u0161imi slu\u017ebami spokojen\u011bj\u0161\u00ed, prohl\u00ed\u017e\u00edte si na str\u00e1nce informace, kter\u00e9 v\u00e1s zaj\u00edmaj\u00ed a \u0161et\u0159\u00edte \u010das. Nezapome\u0148te, \u017ee tyto informace pou\u017e\u00edv\u00e1me p\u0159edev\u0161\u00edm pro va\u0161i spokojenost s na\u0161imi slu\u017ebami. \u00a0 V\u00edce informac\u00ed o zpracov\u00e1n\u00ed va\u0161ich osobn\u00edch \u00fadaj\u016f a va\u0161ich pr\u00e1vech naleznete v <a href=\"https:\/\/oknoplast.cz\/politika-ochrany-osobnich-udaju-na-webovych-strankach\/\">Z\u00e1sad\u00e1ch ochrany osobn\u00edch \u00fadaj\u016f<\/a>\u00a0\u00a0<\/p>\n<p><strong>VIII. Kontakt<\/strong><\/p>\n<p>\u00a0 Kontakt s Oknoplastem je mo\u017en\u00fd: \u00a0<\/p>\n<ul>\n<li>\n<p>v elektronick\u00e9 form\u011b na e-mailovou adresu:<strong>\u00a0biuro@oknoplast.com.pl<\/strong><\/p>\n<\/li>\n<li>\n<p>formou klasick\u00e9 korespondence zas\u00edlan\u00e9 na na\u0161i adresu:<strong>\u00a0Oknoplast Sp. z oo, Ochman\u00f3w 117, 32-003 Pod\u0142\u0119\u017ce<\/strong>\u00a0.<\/p>\n<\/li>\n<\/ul>\n<p>\u00a0 Ve v\u011bcech souvisej\u00edc\u00edch se zpracov\u00e1n\u00edm osobn\u00edch \u00fadaj\u016f nebo cookies n\u00e1s pros\u00edm kontaktujte na e-mailov\u00e9 adrese:\u00a0<strong>privacy@oknoplast.com.pl<\/strong><\/p>\n<p>&nbsp;<\/p>\n<p><strong>IX. Zm\u011bna souhlas\u016f se soubory cookie a seznam pou\u017e\u00edvan\u00fdch soubor\u016f cookie<\/strong><\/p>\n<p>Pokud nesouhlas\u00edte s t\u00edm, aby spole\u010dnost Oknoplast sb\u00edrala jin\u00e9 soubory cookie, ne\u017e je nezbytn\u00e9, sta\u010d\u00ed, \u017ee s nimi nesouhlas\u00edte. Pokud jste v\u0161ak souhlasili s pou\u017e\u00edv\u00e1n\u00edm soubor\u016f cookie a cht\u011bli byste to zm\u011bnit, vyberte p\u0159\u00edslu\u0161nou mo\u017enost n\u00ed\u017ee. Pamatujte, \u017ee pokud pou\u017e\u00edv\u00e1te prohl\u00ed\u017ee\u010d na r\u016fzn\u00fdch za\u0159\u00edzen\u00edch, m\u011bli byste po\u017e\u00e1dat o vymaz\u00e1n\u00ed na ka\u017ed\u00e9m z nich, proto\u017ee soubory cookie se obvykle ukl\u00e1daj\u00ed pro dan\u00e9 za\u0159\u00edzen\u00ed a nejsou spojeny s konkr\u00e9tn\u00edm u\u017eivatelem nebo jeho osobn\u00edmi \u00fadaji. K vymaz\u00e1n\u00ed st\u00e1vaj\u00edc\u00edch soubor\u016f cookie m\u016f\u017eete pou\u017e\u00edt i nastaven\u00ed ve sv\u00e9m prohl\u00ed\u017ee\u010di.<\/p>\n<p>&nbsp;<\/p>\n<\/div>\n<\/div>\n<\/div>\n<\/div>\n<\/div>\n<\/div>\n<\/div><div class=\"fusion-text fusion-text-2\"><p><script id=\"CookieDeclaration\" src=\"https:\/\/consent.cookiebot.com\/0dc21c72-5504-438b-afa6-dfa4faeccf8a\/cd.js\" type=\"text\/javascript\" async><\/script><\/p>\n<\/div><\/div><\/div><\/div><\/div>","protected":false},"excerpt":{"rendered":"","protected":false},"author":1,"featured_media":0,"parent":0,"menu_order":0,"comment_status":"closed","ping_status":"closed","template":"","meta":{"footnotes":""},"class_list":["post-2544","page","type-page","status-publish","hentry"],"_links":{"self":[{"href":"https:\/\/catadi.com\/cz\/wp-json\/wp\/v2\/pages\/2544","targetHints":{"allow":["GET"]}}],"collection":[{"href":"https:\/\/catadi.com\/cz\/wp-json\/wp\/v2\/pages"}],"about":[{"href":"https:\/\/catadi.com\/cz\/wp-json\/wp\/v2\/types\/page"}],"author":[{"embeddable":true,"href":"https:\/\/catadi.com\/cz\/wp-json\/wp\/v2\/users\/1"}],"replies":[{"embeddable":true,"href":"https:\/\/catadi.com\/cz\/wp-json\/wp\/v2\/comments?post=2544"}],"version-history":[{"count":9,"href":"https:\/\/catadi.com\/cz\/wp-json\/wp\/v2\/pages\/2544\/revisions"}],"predecessor-version":[{"id":2665,"href":"https:\/\/catadi.com\/cz\/wp-json\/wp\/v2\/pages\/2544\/revisions\/2665"}],"wp:attachment":[{"href":"https:\/\/catadi.com\/cz\/wp-json\/wp\/v2\/media?parent=2544"}],"curies":[{"name":"wp","href":"https:\/\/api.w.org\/{rel}","templated":true}]}}