{"id":2544,"date":"2023-05-24T13:17:10","date_gmt":"2023-05-24T11:17:10","guid":{"rendered":"https:\/\/catadi.com\/de\/?page_id=2544"},"modified":"2023-06-23T09:03:33","modified_gmt":"2023-06-23T07:03:33","slug":"cookies-richtlinien","status":"publish","type":"page","link":"https:\/\/catadi.com\/de\/cookies-richtlinien\/","title":{"rendered":"Cookies-Richtlinien"},"content":{"rendered":"<div class=\"fusion-fullwidth fullwidth-box fusion-builder-row-1 fusion-flex-container nonhundred-percent-fullwidth non-hundred-percent-height-scrolling\" style=\"--awb-border-radius-top-left:0px;--awb-border-radius-top-right:0px;--awb-border-radius-bottom-right:0px;--awb-border-radius-bottom-left:0px;--awb-flex-wrap:wrap;\" ><div class=\"fusion-builder-row fusion-row fusion-flex-align-items-flex-start fusion-flex-content-wrap\" style=\"max-width:1331.2px;margin-left: calc(-4% \/ 2 );margin-right: calc(-4% \/ 2 );\"><div class=\"fusion-layout-column fusion_builder_column fusion-builder-column-0 fusion_builder_column_1_1 1_1 fusion-flex-column\" style=\"--awb-bg-size:cover;--awb-width-large:100%;--awb-margin-top-large:0px;--awb-spacing-right-large:1.92%;--awb-margin-bottom-large:0px;--awb-spacing-left-large:1.92%;--awb-width-medium:100%;--awb-spacing-right-medium:1.92%;--awb-spacing-left-medium:1.92%;--awb-width-small:100%;--awb-spacing-right-small:1.92%;--awb-spacing-left-small:1.92%;\"><div class=\"fusion-column-wrapper fusion-flex-justify-content-flex-start fusion-content-layout-column\"><div class=\"fusion-text fusion-text-1\"><div class=\"vc_row wpb_row vc_row-fluid mpc-row\">\n<div class=\"wpb_column vc_column_container vc_col-sm-12 mpc-column\" data-column-id=\"mpc_column-98646df130c5c53\">\n<div class=\"vc_column-inner\">\n<div class=\"wpb_wrapper\">\n<div class=\"wpb_text_column wpb_content_element \">\n<div class=\"wpb_wrapper\">\n<p><strong>I. Einf\u00fchrung<\/strong><\/p>\n<p>Die Gesellschaft Oknoplast Sp. z o.o. mit Sitz in Ochman\u00f3w, weiter \u201eOknoplast\u201c oder \u201eGesellschaft\u201c genannt, legt gro\u00dfen Wert auf den Schutz der Privatsph\u00e4re und die Sicherheit aller Personen, die die von der Gesellschaft verwalteten Websites besuchen.<\/p>\n<p>In diesem Dokument m\u00f6chten wir Ihnen die wichtigsten Informationen im Zusammenhang mit der Verwendung von Cookies auf unseren Websites vorstellen.<\/p>\n<p><strong>II. Was sind Cookies?<\/strong><\/p>\n<p>Cookies sind kleine Textdateien, die auf dem Ger\u00e4t des Nutzers gespeichert werden, wenn dieser auf einer Website surft, z. B. auf einem Computer oder mit dem Smartphone. Sie werden allgemein auf Websites verwendet und haben viele n\u00fctzliche Funktionen, sowohl f\u00fcr Sie als auch f\u00fcr den Website-Administrator.<\/p>\n<p><strong>III. Warum brauchen Sie meine Zustimmung zur Verwendung von Cookies?<\/strong><\/p>\n<p>Wenn Sie alle Funktionen dieser Website nutzen m\u00f6chten, ben\u00f6tigen wir Ihre Zustimmung zur Verwendung von Cookies. Dies ist ein wichtiges Thema! Dank der Cookies:<\/p>\n<p>\u2013 sorgen wir f\u00fcr die Sicherheit unserer Websites,<br \/>\u2013 zeigen wir Ihnen die Website und ihre Grundfunktionen an<br \/>\u2013 verbessern wir die Funktion und die Leistung der Websites,<br \/>\u2013 erm\u00f6glichen wir Zugang zu YouTube-Videos auf der Website und in den sozialen Medien,<br \/>\u2013 optimieren wir die Leistung der Website durch Statistiken,<br \/>\u2013 speichern wir die Pr\u00e4ferenzen der Nutzer, wie zum Beispiel die Sprache der Website,<br \/>\u2013 erfahren wir, was Sie interessiert, und k\u00f6nnen so Inhalte f\u00fcr Sie personalisieren, so dass die Website Ihren Erwartungen besser entspricht.<br \/>Wenn Sie alle Cookies akzeptieren, k\u00f6nnen Sie die Website in vollem Umfang nutzen und helfen uns, den Standard unserer Dienstleistungen zu verbessern. Wenn Sie uns Ihre Zustimmung verweigern, installieren wir nur die notwendigen Dateien, was bewirkt, dass einige Funktionen nicht funktionieren, z. B. werden Sie keine YouTube-Videos auf der Website oder Kommentare in unserem Blog sehen.<\/p>\n<p>Sie k\u00f6nnen auch die Arten von Cookies, denen Sie zustimmen, in dem Panel verwalten, das bei einem Besuch unserer Website angezeigt wird, oder indem Sie auf den Link in nachstehendem Punkt IX klicken.<\/p>\n<p><strong>IV. Welche Cookies verwenden wir?<\/strong><\/p>\n<p>Cookies haben verschiedene Funktionen, die uns nicht nur dabei helfen, die Funktion der Website zu garantieren, sondern auch deren Nutzung f\u00fcr die Nutzer zu erleichtern.<\/p>\n<p>Die genaue Liste der auf der Website verwendeten Cookies finden Sie in nachstehendem Punkt IX.<\/p>\n<p>Wir verwenden die folgenden Arten von Cookies auf unseren Websites:<\/p>\n<p>1) Notwendige Cookies<br \/>Notwendige Cookies sind f\u00fcr die korrekte grundlegende Funktion der Website erforderlich und k\u00f6nnen nicht abgeschaltet werden. Sie erm\u00f6glichen es Ihnen, auf der Website zu navigieren, garantieren deren Sicherheit und erm\u00f6glichen den Zugriff auf Dienste, wie das Kontaktformular oder die Anmeldung. Ohne diese Cookies kann die Website nicht richtig funktionieren.<\/p>\n<p>2) Funktionscookies<br \/>Diese Cookies erm\u00f6glichen es der Website, sich an die Einstellungen zu erinnern, die Sie f\u00fcr die Website gew\u00e4hlt haben, und helfen uns, die Website zu verbessern, um sie f\u00fcr Sie relevanter zu machen, z. B. Ihre bevorzugte Sprache oder die Region, in der Sie sich befinden.<\/p>\n<p>3) Leistungscookies<br \/>Leistungscookies analysieren die Anzahl der Besuche, die Quellen des Datenverkehrs auf der Website und die Art und Weise, wie Besucher die Website nutzen, damit wir die Leistung der Website verbessern k\u00f6nnen. Die von diesen Cookies gesammelten Informationen werden in der Regel in anonymisierter Form als Gesamtergebnis dargestellt, z. B. die Anzahl der Besuche auf der Website. Wenn Sie diesen Cookies nicht zustimmen, sind wir nicht in der Lage, die Website zu optimieren oder den Verkehr auf ihr zu \u00fcberwachen, was f\u00fcr die effiziente Verwaltung der Website unerl\u00e4sslich ist.<\/p>\n<p>4) Werbecookies<br \/>Werbecookies helfen uns, Inhalte und Funktionen auf der Website bereitzustellen, die f\u00fcr Sie von Interesse sind. Wir verwenden diese Dateien beispielsweise, um Funktionen wie die Videowiedergabe (YouTube) oder Social-Media-Plug-ins (Facebook) zu nutzen, wobei die Anbieter dieser Dienste die gesammelten Informationen f\u00fcr ihre eigenen Zwecke verwenden, die Sie in deren Datenschutzrichtlinien, die der jeweiligen Datei beigef\u00fcgt sind, nachlesen k\u00f6nnen. Sie k\u00f6nnen auch verwendet werden, um Werbung anzuzeigen und Inhalte f\u00fcr Sie auszuw\u00e4hlen, die mit der Gruppe Oknoplast in Verbindung stehen, basierend auf Ihren Interessen, und um zu verhindern, dass Sie mehrmals die gleiche Werbung sehen. Wir verwenden diese Informationen f\u00fcr unsere eigenen Zwecke und verkaufen Ihre Daten nicht an Dritte, obwohl die Anbieter einiger Cookies, die in der Tabelle in Punkt IX nachfolgend genannt werden (z. B. Google, Facebook), diese f\u00fcr ihre eigenen Zwecke nutzen k\u00f6nnen.<\/p>\n<p><strong>V. Wie lange werden Cookies gespeichert?<\/strong><br \/>Cookies k\u00f6nnen folgenden Charakter haben:<br \/>a) Session-Cookies \u2013 diese werden vor\u00fcbergehend f\u00fcr die Dauer der Nutzung der Website durch Sie gespeichert und automatisch gel\u00f6scht, wenn Sie Ihren Browser schlie\u00dfen.<br \/>b) Persistent Cookies \u2013 diese werden auch nach dem Schlie\u00dfen des Browsers f\u00fcr die vom Eigent\u00fcmer des Cookies angegebene Zeit gespeichert.<\/p>\n<p>Die Speicherdauer f\u00fcr jedes Cookie finden Sie in nachstehendem Punkt IX.<\/p>\n<p><strong>VI. Werden Cookies von anderen Parteien verwendet?<\/strong><\/p>\n<p>Wir verwenden auf der Website unsere eigenen Cookies sowie Cookies verifizierter Dienstleister, wie YouTube, WordPress, Google.<\/p>\n<p>Wir verwenden die durch Cookies gesammelten Informationen ausschlie\u00dflich f\u00fcr unsere eigenen Zwecke. Wir k\u00f6nnen die durch Cookies gesammelten Informationen an eine Gesellschaft weitergeben, das in Ihrem Gebiet in unserem Auftrag handelt, d. h. Oknoplast Deutschland GmBH \u2013 zum Zwecke Ihrer Bedienung als unserem Kunden. Bei der Bearbeitung Ihrer Anfrage oder der Vorlage eines Angebots kann auch ein von Ihnen oder von uns ausgew\u00e4hlter Gesch\u00e4ftspartner Zugang zu den durch Cookies gesammelten Informationen und Ihren personenbezogenen Daten erlangen, wenn diese von Oknoplast zur Verf\u00fcgung gestellt wurden, um Sie mit Produkten und Dienstleistungen von Oknoplast zu versorgen oder um Sie zu Marketingzwecken zu kontaktieren, wenn Sie Ihre Zustimmung dazu gegeben haben.<\/p>\n<p>Wenn unser Gesch\u00e4ftspartner im eigenen Interesse handelt, z. B. zum Zwecke des Verkaufs seiner eigenen Produkte und Dienstleistungen, ist er der alleinige Verantwortliche Ihrer personenbezogenen Daten oder der Informationen, die durch die von ihm auf seinen eigenen Websites verwendeten Cookies gesammelt werden \u2013 in diesem Fall ist er f\u00fcr seine eigenen Aktivit\u00e4ten selbst verantwortlich.<\/p>\n<p>Dar\u00fcber hinaus k\u00f6nnen die Anbieter bestimmter Cookies diese f\u00fcr ihre eigenen Zwecke verwenden, z. B. Google, Facebook, YouTube, \u00fcber die Sie sich in deren Datenschutzrichtlinien informieren k\u00f6nnen, die der gegebenen Datei bei der Liste der Dienstanbieter und ihrer Cookies in der Tabelle unter Punkt IX beigef\u00fcgt sind.<\/p>\n<p><strong>VII. Erheben Cookies meine personenbezogenen Daten?<\/strong><\/p>\n<p>Die Antwort h\u00e4ngt von der Art des Cookies ab. Grunds\u00e4tzlich sammeln Cookies keine Informationen, die personenbezogene Daten darstellen k\u00f6nnten, d. h. s\u00e4mtliche Informationen \u00fcber eine identifizierte oder identifizierbare nat\u00fcrliche Person.<\/p>\n<p>So handelt es sich bei Leistungscookies, die Informationen \u00fcber die Anzahl der Besuche auf einer Website oder Informationen zur Analyse des Datenverkehrs auf einer Website sammeln, in der Regel nicht um personenbezogene Daten, da es sich um anonymisierte, statistische Informationen handelt, die wir nicht mit einem bestimmten Nutzer in Verbindung bringen k\u00f6nnen.<\/p>\n<p>Einige der z. B. mittels Werbecookies, die Informationen \u00fcber Ihre Interessen auf der Grundlage der von Ihnen auf unserer Website gesuchten Inhalte sammeln, oder mittels Leistungscookies gesammelten Informationen k\u00f6nnen jedoch personenbezogene Daten darstellen, wenn es m\u00f6glich ist, diese Informationen mit Ihnen als unserem Kunden oder als der Person, die eingewilligt hat, zu Werbezwecken kontaktiert zu werden, in Verbindung zu bringen, z. B. anhand der Nummer des Ger\u00e4ts, das Sie verwenden und auf dem das Cookie installiert wurde.<\/p>\n<p>Wir achten darauf, dass diese Informationen sicher aufbewahrt und nur f\u00fcr die Bearbeitung Ihrer Angelegenheit und unserer internen Verkaufsanalysen verwendet werden. Dank dieser Informationen wissen wir, was Sie an unseren Produkten interessiert, und k\u00f6nnen Ihnen so personalisierte Inhalte anbieten. Dadurch sind Sie zufriedener mit unseren Diensten, denn Sie erhalten auf der Website Informationen, die Sie wirklich interessieren, und sparen dadurch Zeit. Denken Sie daran, dass wir diese Informationen in erster Linie f\u00fcr Ihre Zufriedenheit mit unseren Dienstleistungen verwenden.<\/p>\n<p>Weitere Informationen \u00fcber die Verarbeitung Ihrer personenbezogenen Daten und Ihre Rechte finden Sie in unserer\u00a0<a href=\"https:\/\/catadi.com\/de\/datenschutzerklaerung\/\">Datenschutzrichtlinie<\/a>.<\/p>\n<p><strong>VIII. Kontakt<\/strong><\/p>\n<p>Der Kontakt mit Oknoplast ist m\u00f6glich:<\/p>\n<p>\u2013 in elektronischer Form an die E-Mail-Adresse: info@oknoplast.de<br \/>\u2013 in Form des traditionellen Schriftverkehrs an unsere Adresse: Oknoplast Sp. z o.o., Ochman\u00f3w 117, 32-003 Pod\u0142\u0119\u017ce.<\/p>\n<p>Bei Fragen zur Verarbeitung personenbezogener Daten wenden Sie sich bitte an die folgende E-Mail Adresse: privacy@oknoplast.de<\/p>\n<p><strong>IX. \u00c4nderung der Zustimmung zu Cookies und Liste der verwendeten Cookies<\/strong><\/p>\n<p>Wenn Sie nicht damit einverstanden sind, dass Oknoplast andere als die notwendigen Cookies einsetzt, dann reicht es aus, Ihre Zustimmung dazu nicht zu gew\u00e4hren. Wenn Sie jedoch der Verwendung von Cookies zugestimmt haben und Ihre Zustimmung \u00e4ndern m\u00f6chten, w\u00e4hlen Sie bitte nachstehend die entsprechende Option aus. Bitte beachten Sie, dass Sie, wenn Sie Ihren Browser auf verschiedenen Ger\u00e4ten verwenden, die L\u00f6schung auf jedem dieser Ger\u00e4te vornehmen m\u00fcssen, da Cookies in der Regel ger\u00e4tespezifisch gespeichert werden und nicht mit einem bestimmten Nutzer oder dessen personenbezogenen Daten verkn\u00fcpft sind. Sie k\u00f6nnen auch die Einstellungen Ihres Browsers verwenden, um bestehende Cookies zu l\u00f6schen.<\/p>\n<\/div>\n<\/div>\n<\/div>\n<\/div>\n<\/div>\n<\/div>\n<\/div><div class=\"fusion-text fusion-text-2\"><p><script id=\"CookieDeclaration\" src=\"https:\/\/consent.cookiebot.com\/0dc21c72-5504-438b-afa6-dfa4faeccf8a\/cd.js\" type=\"text\/javascript\" async><\/script><\/p>\n<\/div><\/div><\/div><\/div><\/div>","protected":false},"excerpt":{"rendered":"","protected":false},"author":1,"featured_media":0,"parent":0,"menu_order":0,"comment_status":"closed","ping_status":"closed","template":"","meta":{"footnotes":""},"class_list":["post-2544","page","type-page","status-publish","hentry"],"yoast_head":"<!-- This site is optimized with the Yoast SEO plugin v26.8 - https:\/\/yoast.com\/product\/yoast-seo-wordpress\/ -->\n<title>Cookies-Richtlinien - Catadi - Fenster &amp; T\u00fcren | Kunststofffenster<\/title>\n<meta name=\"robots\" content=\"index, follow, max-snippet:-1, max-image-preview:large, max-video-preview:-1\" \/>\n<link rel=\"canonical\" href=\"https:\/\/catadi.com\/de\/cookies-richtlinien\/\" \/>\n<meta property=\"og:locale\" content=\"de_DE\" \/>\n<meta property=\"og:type\" content=\"article\" \/>\n<meta property=\"og:title\" content=\"Cookies-Richtlinien - Catadi - Fenster &amp; T\u00fcren | Kunststofffenster\" \/>\n<meta property=\"og:url\" content=\"https:\/\/catadi.com\/de\/cookies-richtlinien\/\" \/>\n<meta property=\"og:site_name\" content=\"Catadi - Fenster &amp; T\u00fcren | Kunststofffenster\" \/>\n<meta property=\"article:modified_time\" content=\"2023-06-23T07:03:33+00:00\" \/>\n<meta name=\"twitter:card\" content=\"summary_large_image\" \/>\n<meta name=\"twitter:label1\" content=\"Gesch\u00e4tzte Lesezeit\" \/>\n\t<meta name=\"twitter:data1\" content=\"8\u00a0Minuten\" \/>\n<script type=\"application\/ld+json\" class=\"yoast-schema-graph\">{\"@context\":\"https:\/\/schema.org\",\"@graph\":[{\"@type\":\"WebPage\",\"@id\":\"https:\/\/catadi.com\/de\/cookies-richtlinien\/\",\"url\":\"https:\/\/catadi.com\/de\/cookies-richtlinien\/\",\"name\":\"Cookies-Richtlinien - Catadi - Fenster &amp; T\u00fcren | Kunststofffenster\",\"isPartOf\":{\"@id\":\"https:\/\/catadi.com\/de\/#website\"},\"datePublished\":\"2023-05-24T11:17:10+00:00\",\"dateModified\":\"2023-06-23T07:03:33+00:00\",\"breadcrumb\":{\"@id\":\"https:\/\/catadi.com\/de\/cookies-richtlinien\/#breadcrumb\"},\"inLanguage\":\"de\",\"potentialAction\":[{\"@type\":\"ReadAction\",\"target\":[\"https:\/\/catadi.com\/de\/cookies-richtlinien\/\"]}]},{\"@type\":\"BreadcrumbList\",\"@id\":\"https:\/\/catadi.com\/de\/cookies-richtlinien\/#breadcrumb\",\"itemListElement\":[{\"@type\":\"ListItem\",\"position\":1,\"name\":\"Startseite\",\"item\":\"https:\/\/catadi.com\/de\/\"},{\"@type\":\"ListItem\",\"position\":2,\"name\":\"Cookies-Richtlinien\"}]},{\"@type\":\"WebSite\",\"@id\":\"https:\/\/catadi.com\/de\/#website\",\"url\":\"https:\/\/catadi.com\/de\/\",\"name\":\"Catadi - Fenster &amp; T\u00fcren | Kunststofffenster\",\"description\":\"\",\"publisher\":{\"@id\":\"https:\/\/catadi.com\/de\/#organization\"},\"potentialAction\":[{\"@type\":\"SearchAction\",\"target\":{\"@type\":\"EntryPoint\",\"urlTemplate\":\"https:\/\/catadi.com\/de\/?s={search_term_string}\"},\"query-input\":{\"@type\":\"PropertyValueSpecification\",\"valueRequired\":true,\"valueName\":\"search_term_string\"}}],\"inLanguage\":\"de\"},{\"@type\":\"Organization\",\"@id\":\"https:\/\/catadi.com\/de\/#organization\",\"name\":\"Catadi - Fenster &amp; T\u00fcren | Kunststofffenster\",\"url\":\"https:\/\/catadi.com\/de\/\",\"logo\":{\"@type\":\"ImageObject\",\"inLanguage\":\"de\",\"@id\":\"https:\/\/catadi.com\/de\/#\/schema\/logo\/image\/\",\"url\":\"https:\/\/catadi.com\/de\/wp-content\/uploads\/2021\/11\/logo_CATADI_1.svg\",\"contentUrl\":\"https:\/\/catadi.com\/de\/wp-content\/uploads\/2021\/11\/logo_CATADI_1.svg\",\"width\":204,\"height\":55,\"caption\":\"Catadi - Fenster &amp; T\u00fcren | Kunststofffenster\"},\"image\":{\"@id\":\"https:\/\/catadi.com\/de\/#\/schema\/logo\/image\/\"}}]}<\/script>\n<!-- \/ Yoast SEO plugin. -->","yoast_head_json":{"title":"Cookies-Richtlinien - Catadi - Fenster &amp; T\u00fcren | Kunststofffenster","robots":{"index":"index","follow":"follow","max-snippet":"max-snippet:-1","max-image-preview":"max-image-preview:large","max-video-preview":"max-video-preview:-1"},"canonical":"https:\/\/catadi.com\/de\/cookies-richtlinien\/","og_locale":"de_DE","og_type":"article","og_title":"Cookies-Richtlinien - Catadi - Fenster &amp; T\u00fcren | Kunststofffenster","og_url":"https:\/\/catadi.com\/de\/cookies-richtlinien\/","og_site_name":"Catadi - Fenster &amp; T\u00fcren | Kunststofffenster","article_modified_time":"2023-06-23T07:03:33+00:00","twitter_card":"summary_large_image","twitter_misc":{"Gesch\u00e4tzte Lesezeit":"8\u00a0Minuten"},"schema":{"@context":"https:\/\/schema.org","@graph":[{"@type":"WebPage","@id":"https:\/\/catadi.com\/de\/cookies-richtlinien\/","url":"https:\/\/catadi.com\/de\/cookies-richtlinien\/","name":"Cookies-Richtlinien - Catadi - Fenster &amp; T\u00fcren | Kunststofffenster","isPartOf":{"@id":"https:\/\/catadi.com\/de\/#website"},"datePublished":"2023-05-24T11:17:10+00:00","dateModified":"2023-06-23T07:03:33+00:00","breadcrumb":{"@id":"https:\/\/catadi.com\/de\/cookies-richtlinien\/#breadcrumb"},"inLanguage":"de","potentialAction":[{"@type":"ReadAction","target":["https:\/\/catadi.com\/de\/cookies-richtlinien\/"]}]},{"@type":"BreadcrumbList","@id":"https:\/\/catadi.com\/de\/cookies-richtlinien\/#breadcrumb","itemListElement":[{"@type":"ListItem","position":1,"name":"Startseite","item":"https:\/\/catadi.com\/de\/"},{"@type":"ListItem","position":2,"name":"Cookies-Richtlinien"}]},{"@type":"WebSite","@id":"https:\/\/catadi.com\/de\/#website","url":"https:\/\/catadi.com\/de\/","name":"Catadi - Fenster &amp; T\u00fcren | Kunststofffenster","description":"","publisher":{"@id":"https:\/\/catadi.com\/de\/#organization"},"potentialAction":[{"@type":"SearchAction","target":{"@type":"EntryPoint","urlTemplate":"https:\/\/catadi.com\/de\/?s={search_term_string}"},"query-input":{"@type":"PropertyValueSpecification","valueRequired":true,"valueName":"search_term_string"}}],"inLanguage":"de"},{"@type":"Organization","@id":"https:\/\/catadi.com\/de\/#organization","name":"Catadi - Fenster &amp; T\u00fcren | Kunststofffenster","url":"https:\/\/catadi.com\/de\/","logo":{"@type":"ImageObject","inLanguage":"de","@id":"https:\/\/catadi.com\/de\/#\/schema\/logo\/image\/","url":"https:\/\/catadi.com\/de\/wp-content\/uploads\/2021\/11\/logo_CATADI_1.svg","contentUrl":"https:\/\/catadi.com\/de\/wp-content\/uploads\/2021\/11\/logo_CATADI_1.svg","width":204,"height":55,"caption":"Catadi - Fenster &amp; T\u00fcren | Kunststofffenster"},"image":{"@id":"https:\/\/catadi.com\/de\/#\/schema\/logo\/image\/"}}]}},"_links":{"self":[{"href":"https:\/\/catadi.com\/de\/wp-json\/wp\/v2\/pages\/2544","targetHints":{"allow":["GET"]}}],"collection":[{"href":"https:\/\/catadi.com\/de\/wp-json\/wp\/v2\/pages"}],"about":[{"href":"https:\/\/catadi.com\/de\/wp-json\/wp\/v2\/types\/page"}],"author":[{"embeddable":true,"href":"https:\/\/catadi.com\/de\/wp-json\/wp\/v2\/users\/1"}],"replies":[{"embeddable":true,"href":"https:\/\/catadi.com\/de\/wp-json\/wp\/v2\/comments?post=2544"}],"version-history":[{"count":6,"href":"https:\/\/catadi.com\/de\/wp-json\/wp\/v2\/pages\/2544\/revisions"}],"predecessor-version":[{"id":2703,"href":"https:\/\/catadi.com\/de\/wp-json\/wp\/v2\/pages\/2544\/revisions\/2703"}],"wp:attachment":[{"href":"https:\/\/catadi.com\/de\/wp-json\/wp\/v2\/media?parent=2544"}],"curies":[{"name":"wp","href":"https:\/\/api.w.org\/{rel}","templated":true}]}}