{"id":2642,"date":"2023-05-26T15:11:40","date_gmt":"2023-05-26T13:11:40","guid":{"rendered":"https:\/\/catadi.com\/de\/?page_id=2642"},"modified":"2025-03-31T08:50:23","modified_gmt":"2025-03-31T06:50:23","slug":"impressum","status":"publish","type":"page","link":"https:\/\/catadi.com\/de\/impressum\/","title":{"rendered":"Impressum"},"content":{"rendered":"\r\n<div class=\"vc_row wpb_row vc_row-fluid mpc-row\">\r\n<div class=\"wpb_column vc_column_container vc_col-sm-12 mpc-column\" data-column-id=\"mpc_column-98646df130c5c53\">\r\n<div class=\"vc_column-inner\">\r\n<div class=\"wpb_wrapper\">\r\n<div class=\"wpb_text_column wpb_content_element \">\r\n<div class=\"wpb_wrapper\">\r\n<div>\r\n<p>Impressum<br \/><strong>OKNOPLAST Deutschland GmbH<br \/><\/strong>Ibbenb\u00fcrener Str. 86<br \/>49479 Ibbenb\u00fcren<br \/>Deutschland<br \/>Telefon: +49 5451 545837-70<br \/>Telefax: +49 5451 545837-90<br \/>E-Mail:\u00a0<a href=\"mailto:info@oknoplast.de\">info@oknoplast.de<\/a><br \/><strong>Gesch\u00e4ftsf\u00fchrung:<br \/><\/strong>Dominik Mryczko<\/p>\r\n<\/div>\r\n<p>&nbsp;<\/p>\r\n<div><strong>Eintrag im Handelsregister:<\/strong><\/div>\r\n<div>HRB 9187<\/div>\r\n<div>Amtsgericht Steinfurt<\/div>\r\n<div>Ust-IdNr.: DE 814 743 832<\/div>\r\n<p>&nbsp;<\/p>\r\n<div><strong>Rechtliche Hinweise:<\/strong><\/div>\r\n<div>Anbieter von Online-Informationen sind gem\u00e4\u00df \u00a75 Telemediengesetz f\u00fcr die eigenen Inhalte, die sie zur Nutzung bereithalten, verantwortlich. Von diesen eigenen Inhalten sind Querverweise auf die von anderen Anbietern bereitgestellten Inhalte zu unterscheiden.<\/div>\r\n<p>&nbsp;<\/p>\r\n<div>Die OKNOPLAST Deutschland GmbH pr\u00fcft und aktualisiert die Informationen auf ihrer Internetpr\u00e4senz st\u00e4ndig. Trotz aller Sorgfalt k\u00f6nnen sich Daten zwischenzeitlich ge\u00e4ndert haben oder ver\u00e4ndert worden sein. Eine Haftung oder Garantie f\u00fcr die Aktualit\u00e4t, Richtigkeit und Vollst\u00e4ndigkeit der zur Verf\u00fcgung gestellten Informationen kann daher nicht \u00fcbernommen werden. Die OKNOPLAST Deutschland GmbH beh\u00e4lt sich das Recht vor, jederzeit \u00c4nderungen und Erg\u00e4nzungen an den bereitgestellten Informationen vorzunehmen.<\/div>\r\n<p>&nbsp;<\/p>\r\n<div>Sollten Hyperlinks von der Internetpr\u00e4senz der OKNOPLAST Deutschland GmbH auf Seiten verweisen deren Inhalt Anlass zur Beanstandung gibt, bitten wir um Mitteilung. Gleichzeitig distanzieren wir uns von Online-Informationen, die gegen geltendes Recht versto\u00dfen.<\/div>\r\n<p>&nbsp;<\/p>\r\n<div>Texte und Illustrationen sind urheberrechtlich gesch\u00fctzt. Die weitere Verarbeitung der Webinhalte ist mit Quellenangaben erlaubt.<\/div>\r\n<p>&nbsp;<\/p>\r\n<div>Mit dem Absenden von Kontaktanfragen erkl\u00e4rt sich der Absender damit einverstanden, dass seine \u00fcbermittelten Daten zur Bearbeitung \u2013 im Sinne und nach den Richtlinien des Bundesdatenschutzgesetztes \u2013 in unserer EDV erfasst werden.<\/div>\r\n<\/div>\r\n<\/div>\r\n<\/div>\r\n<\/div>\r\n<\/div>\r\n<\/div>\r\n","protected":false},"excerpt":{"rendered":"<p>ImpressumOKNOPLAST Deutschland GmbHIbbenb\u00fcrener Str. 8649479 Ibbenb\u00fcrenDeutschlandTelefon: +49 5451 545837-70Telefax: +49 [&#8230;]<\/p>\n","protected":false},"author":1,"featured_media":0,"parent":0,"menu_order":0,"comment_status":"closed","ping_status":"closed","template":"","meta":{"footnotes":""},"class_list":["post-2642","page","type-page","status-publish","hentry"],"yoast_head":"<!-- This site is optimized with the Yoast SEO plugin v26.8 - https:\/\/yoast.com\/product\/yoast-seo-wordpress\/ -->\n<title>Impressum - Catadi - Fenster &amp; T\u00fcren | Kunststofffenster<\/title>\n<meta name=\"robots\" content=\"index, follow, max-snippet:-1, max-image-preview:large, max-video-preview:-1\" \/>\n<link rel=\"canonical\" href=\"https:\/\/catadi.com\/de\/impressum\/\" \/>\n<meta property=\"og:locale\" content=\"de_DE\" \/>\n<meta property=\"og:type\" content=\"article\" \/>\n<meta property=\"og:title\" content=\"Impressum - Catadi - Fenster &amp; T\u00fcren | Kunststofffenster\" \/>\n<meta property=\"og:description\" content=\"ImpressumOKNOPLAST Deutschland GmbHIbbenb\u00fcrener Str. 8649479 Ibbenb\u00fcrenDeutschlandTelefon: +49 5451 545837-70Telefax: +49 [...]\" \/>\n<meta property=\"og:url\" content=\"https:\/\/catadi.com\/de\/impressum\/\" \/>\n<meta property=\"og:site_name\" content=\"Catadi - Fenster &amp; T\u00fcren | Kunststofffenster\" \/>\n<meta property=\"article:modified_time\" content=\"2025-03-31T06:50:23+00:00\" \/>\n<meta name=\"twitter:card\" content=\"summary_large_image\" \/>\n<meta name=\"twitter:label1\" content=\"Gesch\u00e4tzte Lesezeit\" \/>\n\t<meta name=\"twitter:data1\" content=\"2\u00a0Minuten\" \/>\n<script type=\"application\/ld+json\" class=\"yoast-schema-graph\">{\"@context\":\"https:\/\/schema.org\",\"@graph\":[{\"@type\":\"WebPage\",\"@id\":\"https:\/\/catadi.com\/de\/impressum\/\",\"url\":\"https:\/\/catadi.com\/de\/impressum\/\",\"name\":\"Impressum - Catadi - Fenster &amp; T\u00fcren | Kunststofffenster\",\"isPartOf\":{\"@id\":\"https:\/\/catadi.com\/de\/#website\"},\"datePublished\":\"2023-05-26T13:11:40+00:00\",\"dateModified\":\"2025-03-31T06:50:23+00:00\",\"breadcrumb\":{\"@id\":\"https:\/\/catadi.com\/de\/impressum\/#breadcrumb\"},\"inLanguage\":\"de\",\"potentialAction\":[{\"@type\":\"ReadAction\",\"target\":[\"https:\/\/catadi.com\/de\/impressum\/\"]}]},{\"@type\":\"BreadcrumbList\",\"@id\":\"https:\/\/catadi.com\/de\/impressum\/#breadcrumb\",\"itemListElement\":[{\"@type\":\"ListItem\",\"position\":1,\"name\":\"Startseite\",\"item\":\"https:\/\/catadi.com\/de\/\"},{\"@type\":\"ListItem\",\"position\":2,\"name\":\"Impressum\"}]},{\"@type\":\"WebSite\",\"@id\":\"https:\/\/catadi.com\/de\/#website\",\"url\":\"https:\/\/catadi.com\/de\/\",\"name\":\"Catadi - Fenster &amp; T\u00fcren | Kunststofffenster\",\"description\":\"\",\"publisher\":{\"@id\":\"https:\/\/catadi.com\/de\/#organization\"},\"potentialAction\":[{\"@type\":\"SearchAction\",\"target\":{\"@type\":\"EntryPoint\",\"urlTemplate\":\"https:\/\/catadi.com\/de\/?s={search_term_string}\"},\"query-input\":{\"@type\":\"PropertyValueSpecification\",\"valueRequired\":true,\"valueName\":\"search_term_string\"}}],\"inLanguage\":\"de\"},{\"@type\":\"Organization\",\"@id\":\"https:\/\/catadi.com\/de\/#organization\",\"name\":\"Catadi - Fenster &amp; T\u00fcren | Kunststofffenster\",\"url\":\"https:\/\/catadi.com\/de\/\",\"logo\":{\"@type\":\"ImageObject\",\"inLanguage\":\"de\",\"@id\":\"https:\/\/catadi.com\/de\/#\/schema\/logo\/image\/\",\"url\":\"https:\/\/catadi.com\/de\/wp-content\/uploads\/2021\/11\/logo_CATADI_1.svg\",\"contentUrl\":\"https:\/\/catadi.com\/de\/wp-content\/uploads\/2021\/11\/logo_CATADI_1.svg\",\"width\":204,\"height\":55,\"caption\":\"Catadi - Fenster &amp; T\u00fcren | Kunststofffenster\"},\"image\":{\"@id\":\"https:\/\/catadi.com\/de\/#\/schema\/logo\/image\/\"}}]}<\/script>\n<!-- \/ Yoast SEO plugin. -->","yoast_head_json":{"title":"Impressum - Catadi - Fenster &amp; T\u00fcren | Kunststofffenster","robots":{"index":"index","follow":"follow","max-snippet":"max-snippet:-1","max-image-preview":"max-image-preview:large","max-video-preview":"max-video-preview:-1"},"canonical":"https:\/\/catadi.com\/de\/impressum\/","og_locale":"de_DE","og_type":"article","og_title":"Impressum - Catadi - Fenster &amp; T\u00fcren | Kunststofffenster","og_description":"ImpressumOKNOPLAST Deutschland GmbHIbbenb\u00fcrener Str. 8649479 Ibbenb\u00fcrenDeutschlandTelefon: +49 5451 545837-70Telefax: +49 [...]","og_url":"https:\/\/catadi.com\/de\/impressum\/","og_site_name":"Catadi - Fenster &amp; T\u00fcren | Kunststofffenster","article_modified_time":"2025-03-31T06:50:23+00:00","twitter_card":"summary_large_image","twitter_misc":{"Gesch\u00e4tzte Lesezeit":"2\u00a0Minuten"},"schema":{"@context":"https:\/\/schema.org","@graph":[{"@type":"WebPage","@id":"https:\/\/catadi.com\/de\/impressum\/","url":"https:\/\/catadi.com\/de\/impressum\/","name":"Impressum - Catadi - Fenster &amp; T\u00fcren | Kunststofffenster","isPartOf":{"@id":"https:\/\/catadi.com\/de\/#website"},"datePublished":"2023-05-26T13:11:40+00:00","dateModified":"2025-03-31T06:50:23+00:00","breadcrumb":{"@id":"https:\/\/catadi.com\/de\/impressum\/#breadcrumb"},"inLanguage":"de","potentialAction":[{"@type":"ReadAction","target":["https:\/\/catadi.com\/de\/impressum\/"]}]},{"@type":"BreadcrumbList","@id":"https:\/\/catadi.com\/de\/impressum\/#breadcrumb","itemListElement":[{"@type":"ListItem","position":1,"name":"Startseite","item":"https:\/\/catadi.com\/de\/"},{"@type":"ListItem","position":2,"name":"Impressum"}]},{"@type":"WebSite","@id":"https:\/\/catadi.com\/de\/#website","url":"https:\/\/catadi.com\/de\/","name":"Catadi - Fenster &amp; T\u00fcren | Kunststofffenster","description":"","publisher":{"@id":"https:\/\/catadi.com\/de\/#organization"},"potentialAction":[{"@type":"SearchAction","target":{"@type":"EntryPoint","urlTemplate":"https:\/\/catadi.com\/de\/?s={search_term_string}"},"query-input":{"@type":"PropertyValueSpecification","valueRequired":true,"valueName":"search_term_string"}}],"inLanguage":"de"},{"@type":"Organization","@id":"https:\/\/catadi.com\/de\/#organization","name":"Catadi - Fenster &amp; T\u00fcren | Kunststofffenster","url":"https:\/\/catadi.com\/de\/","logo":{"@type":"ImageObject","inLanguage":"de","@id":"https:\/\/catadi.com\/de\/#\/schema\/logo\/image\/","url":"https:\/\/catadi.com\/de\/wp-content\/uploads\/2021\/11\/logo_CATADI_1.svg","contentUrl":"https:\/\/catadi.com\/de\/wp-content\/uploads\/2021\/11\/logo_CATADI_1.svg","width":204,"height":55,"caption":"Catadi - Fenster &amp; T\u00fcren | Kunststofffenster"},"image":{"@id":"https:\/\/catadi.com\/de\/#\/schema\/logo\/image\/"}}]}},"_links":{"self":[{"href":"https:\/\/catadi.com\/de\/wp-json\/wp\/v2\/pages\/2642","targetHints":{"allow":["GET"]}}],"collection":[{"href":"https:\/\/catadi.com\/de\/wp-json\/wp\/v2\/pages"}],"about":[{"href":"https:\/\/catadi.com\/de\/wp-json\/wp\/v2\/types\/page"}],"author":[{"embeddable":true,"href":"https:\/\/catadi.com\/de\/wp-json\/wp\/v2\/users\/1"}],"replies":[{"embeddable":true,"href":"https:\/\/catadi.com\/de\/wp-json\/wp\/v2\/comments?post=2642"}],"version-history":[{"count":2,"href":"https:\/\/catadi.com\/de\/wp-json\/wp\/v2\/pages\/2642\/revisions"}],"predecessor-version":[{"id":3246,"href":"https:\/\/catadi.com\/de\/wp-json\/wp\/v2\/pages\/2642\/revisions\/3246"}],"wp:attachment":[{"href":"https:\/\/catadi.com\/de\/wp-json\/wp\/v2\/media?parent=2642"}],"curies":[{"name":"wp","href":"https:\/\/api.w.org\/{rel}","templated":true}]}}