{"id":2544,"date":"2023-05-24T13:17:10","date_gmt":"2023-05-24T11:17:10","guid":{"rendered":"https:\/\/catadi.com\/pl\/?page_id=2544"},"modified":"2025-02-10T10:45:41","modified_gmt":"2025-02-10T09:45:41","slug":"polityka-cookies","status":"publish","type":"page","link":"https:\/\/catadi.com\/pl\/polityka-cookies\/","title":{"rendered":"Polityka cookies"},"content":{"rendered":"<div class=\"fusion-fullwidth fullwidth-box fusion-builder-row-1 fusion-flex-container nonhundred-percent-fullwidth non-hundred-percent-height-scrolling\" style=\"--awb-border-radius-top-left:0px;--awb-border-radius-top-right:0px;--awb-border-radius-bottom-right:0px;--awb-border-radius-bottom-left:0px;--awb-flex-wrap:wrap;\" ><div class=\"fusion-builder-row fusion-row fusion-flex-align-items-flex-start fusion-flex-content-wrap\" style=\"max-width:1331.2px;margin-left: calc(-4% \/ 2 );margin-right: calc(-4% \/ 2 );\"><div class=\"fusion-layout-column fusion_builder_column fusion-builder-column-0 fusion_builder_column_1_1 1_1 fusion-flex-column\" style=\"--awb-bg-size:cover;--awb-width-large:100%;--awb-margin-top-large:0px;--awb-spacing-right-large:1.92%;--awb-margin-bottom-large:0px;--awb-spacing-left-large:1.92%;--awb-width-medium:100%;--awb-spacing-right-medium:1.92%;--awb-spacing-left-medium:1.92%;--awb-width-small:100%;--awb-spacing-right-small:1.92%;--awb-spacing-left-small:1.92%;\"><div class=\"fusion-column-wrapper fusion-flex-justify-content-flex-start fusion-content-layout-column\"><div class=\"fusion-text fusion-text-1\"><div class=\"vc_row wpb_row vc_row-fluid mpc-row\">\n<div class=\"wpb_column vc_column_container vc_col-sm-12 mpc-column\" data-column-id=\"mpc_column-98646df130c5c53\">\n<div class=\"vc_column-inner\">\n<div class=\"wpb_wrapper\">\n<div class=\"wpb_text_column wpb_content_element \">\n<div class=\"wpb_wrapper\">\n<h2 class=\"wp-block-heading\"><span style=\"font-size: 16px;\">I.\u00a0 Wprowadzenie<\/span><\/h2>\n<\/div>\n<\/div>\n<\/div>\n<\/div>\n<\/div>\n<\/div>\n<div class=\"vc_row wpb_row vc_row-fluid myContainer mpc-row\">\n<div class=\"wpb_column vc_column_container vc_col-sm-12 mpc-column\" data-column-id=\"mpc_column-100646df130c6976\">\n<div class=\"vc_column-inner\">\n<div class=\"wpb_wrapper\">\n<div class=\"wpb_text_column wpb_content_element \">\n<div class=\"wpb_wrapper\">\n<p>Oknoplast Sp. z o.o. z siedzib\u0105 w Ochmanowie, dalej \u201eOknoplast\u201d lub \u201eSp\u00f3\u0142ka\u201d, przyk\u0142ada bardzo du\u017c\u0105 wag\u0119 do ochrony prywatno\u015bci i bezpiecze\u0144stwa wszystkich os\u00f3b odwiedzj\u0105cych strony internetowe zarz\u0105dzane przez Sp\u00f3\u0142k\u0119.<\/p>\n<p>W tym dokumencie chcemy przedstawi\u0107 najwa\u017cniejsze informacje zwi\u0105zane ze stosowaniem plik\u00f3w cookies na naszych stronach internetowych.<\/p>\n<h3>II. Czym s\u0105 pliki cookies?<\/h3>\n<p>Cookies to ma\u0142e pliki tekstowe przechowywane na urz\u0105dzeniu u\u017cytkownika przegl\u0105daj\u0105cego stron\u0119 internetow\u0105 np. na komputerze lub smartfonie. S\u0105 powszechnie stosowane na stronach internetowych i maj\u0105 wiele przydatnych funkcji, zar\u00f3wno dla Ciebie jak i dla administratora strony.<\/p>\n<h3>III.\u00a0 Dlaczego potrzebujecie mojej zgody na pliki cookies?<\/h3>\n<p><strong>Je\u017celi chcesz korzysta\u0107 z wszystkich funkcji obecnych na stronie potrzebujemy Twojej zgody na korzystanie z plik\u00f3w cookies. To wa\u017cna sprawa!<\/strong><strong>\u00a0Dzi\u0119ki plikom cookies:<\/strong><\/p>\n<ul>\n<li>dbamy o bezpiecze\u0144stwo stron internetowych,<\/li>\n<li>wy\u015bwietlamy Ci stron\u0119 i jej podstawowe funkcje<\/li>\n<li>poprawiamy dzia\u0142anie i wydajno\u015b\u0107 stron,<\/li>\n<li>umo\u017cliwiamy dost\u0119p do filmik\u00f3w YouTube na stronie i do medi\u00f3w spo\u0142eczno\u015bciowych,<\/li>\n<li>optymalizujemy dzia\u0142anie strony dzi\u0119ki statystykom,<\/li>\n<li>zapami\u0119tujemy preferencje u\u017cytkownika takiej jak np. j\u0119zyk strony,<\/li>\n<li>wiemy co Ci\u0119 interesuje i mo\u017cemy personalizowa\u0107 dla Ciebie tre\u015bci, dzi\u0119ki czemu strona bardziej odpowiada Twoim oczekiwaniom.<\/li>\n<\/ul>\n<p><strong>Je\u017celi zaakceptujesz wszystkie pliki cookies b\u0119dziesz m\u00f3g\u0142 korzysta\u0107 w pe\u0142ni z mo\u017cliwo\u015bci strony i pomo\u017cesz nam poprawi\u0107 standard naszych us\u0142ug. Je\u015bli nie wyrazisz \u017cadnej zgody zainstalujemy tylko pliki niezb\u0119dne, a niekt\u00f3re funkcje nie b\u0119d\u0105 dzia\u0142a\u0107 np. nie zobaczysz na stronie filmik\u00f3w YouTube ani komentarzy z naszego bloga.<\/strong><\/p>\n<p>Mo\u017cesz te\u017c zarz\u0105dza\u0107 rodzajami plik\u00f3w cookies, na kt\u00f3re si\u0119 zgadzasz w panelu wy\u015bwietlanym przy odwiedzinach naszej strony lub klikaj\u0105c w link w pkt. IX poni\u017cej.<\/p>\n<h3>IV. Jakie pliki cookies s\u0105 stosowane?<\/h3>\n<p>Pliki cookies maj\u0105 r\u00f3\u017cne funkcje, kt\u00f3re nie tylko pomagaj\u0105 nam dba\u0107 o funkcjonowanie strony internetowej, ale r\u00f3wnie\u017c u\u0142atwia\u0107 korzystanie z niej jej u\u017cytkownikom.<\/p>\n<p>Dok\u0142adn\u0105 list\u0119 plik\u00f3w cookies stosowanych na stronie internetowej znajdziesz w zak\u0142adce \u201ePoka\u017c szczeg\u00f3\u0142y\u201d w panelu zarz\u0105dzania plikami cookies oraz w pkt. IX poni\u017cej.<\/p>\n<p>U\u017cywamy na stronach internetowych nast\u0119puj\u0105cych rodzaj\u00f3w cookies:<\/p>\n<ul>\n<li>Niezb\u0119dne<\/li>\n<\/ul>\n<p>Niezb\u0119dne pliki cookies s\u0105 konieczne do prawid\u0142owego, podstawowego dzia\u0142ania strony i nie mo\u017cna ich wy\u0142\u0105czy\u0107. Umo\u017cliwiaj\u0105 one nawigacj\u0119 na stronie, zapewniaj\u0105 jej bezpiecze\u0144stwo lub umo\u017cliwiaj\u0105 Ci dost\u0119p do takich us\u0142ug jak formularz kontaktowy czy logowanie. Strona internetowa nie mo\u017ce funkcjonowa\u0107 poprawnie bez tych ciasteczek.<\/p>\n<ul>\n<li>Preferencyjne<\/li>\n<\/ul>\n<p>Te pliki cookies umo\u017cliwiaj\u0105 stronie zapami\u0119tanie wybranych przez Ciebie ustawie\u0144 strony oraz pomagaj\u0105 nam poprawi\u0107 funkcjonowanie strony, aby by\u0142a do Ciebie bardziej dopasowana np. preferowany przez Ciebie j\u0119zyk lub region, w kt\u00f3rym si\u0119 znajdujesz.<\/p>\n<ul>\n<li>Statystyczne (analityczne)<\/li>\n<\/ul>\n<p>Te pliki cookies analizuj\u0105 liczb\u0119 odwiedzin, \u017ar\u00f3d\u0142a ruchu na stronie oraz w jaki spos\u00f3b odwiedzaj\u0105cy korzystaj\u0105 ze strony, dzi\u0119ki czemu mo\u017cemy poprawia\u0107 wydajno\u015b\u0107 strony. Informacje zebrane przez te pliki przedstawiane s\u0105 zwykle w zanonimizowanej formie w postaci zbiorczego wyniku np. liczba odwiedzin strony. Je\u017celi nie wyrazisz zgody na te pliki nie b\u0119dziemy mogli optymalizowa\u0107 strony ani monitorowa\u0107 ruchu na stronie, a jest to kluczowe dla sprawnego zarz\u0105dzania stron\u0105.<\/p>\n<ul>\n<li>Marketingowe<\/li>\n<\/ul>\n<p>Nie nale\u017cy si\u0119 ba\u0107 tych cookies, gdy\u017c pomagaj\u0105 nam dostarcza\u0107 interesuj\u0105ce Ci\u0119 tre\u015bci i funkcje na stronie. Przyk\u0142adowo u\u017cywamy tych plik\u00f3w do korzystania z takich funkcji jak odtwarzanie wideo (YouTube) lub wtyczki medi\u00f3w spo\u0142eczno\u015bciowych (Facebook), a dostawcy tych us\u0142ug mog\u0105 u\u017cywa\u0107 zebranych informacji do w\u0142asnych cel\u00f3w, o kt\u00f3rych mo\u017cesz poczyta\u0107 w ich polityce prywatno\u015bci za\u0142\u0105czonej co do danego pliku. Mog\u0105 te\u017c by\u0107 u\u017cywane do wy\u015bwietlania reklam i dobieraniu tre\u015bci dla Ciebie zwi\u0105zanych z grup\u0105 Oknoplast na podstawie Twoich zainteresowa\u0144 oraz zapobiegaj\u0105 wy\u015bwietlaniu Ci tej samej reklamy. Korzystamy z tych informacji w naszych celach i nie sprzedajemy Twoich danych podmiotom trzecim, cho\u0107 dostawcy niekt\u00f3rych plik\u00f3w cookies wskazani w tabeli \u201ePoka\u017c szczeg\u00f3\u0142y\u201d mog\u0105 wykorzystywa\u0107 je do w\u0142asnych cel\u00f3w np. Google, Facebook.<\/p>\n<p>&nbsp;<\/p>\n<h3>V.\u00a0 Jak d\u0142ugo przechowywane s\u0105 pliki cookies?<\/h3>\n<p>Pliki cookies mog\u0105 mie\u0107 charakter:<\/p>\n<ol>\n<li>Sesyjny \u2013 przechowywane s\u0105 tymczasowo przez czas korzystania ze strony internetowej i s\u0105 automatycznie kasowane po zamkni\u0119ciu przegl\u0105darki.<\/li>\n<li>Trwa\u0142y \u2013 przechowywane s\u0105 tak\u017ce po zamkni\u0119ciu przegl\u0105darki przez czas okre\u015blony przez w\u0142a\u015bciciela pliku cookies.<\/li>\n<\/ol>\n<p>Okres przechowywania ka\u017cdego z plik\u00f3w cookies znajdziesz w zak\u0142adce \u201ePoka\u017c szczeg\u00f3\u0142y\u201d w panelu zarz\u0105dzania plikami cookies oraz w pkt. IX poni\u017cej.<\/p>\n<h3>VI. Czy z plik\u00f3w cookies korzystaj\u0105 inne podmioty?<\/h3>\n<p>Na stronie korzystamy z w\u0142asnych plik\u00f3w cookies oraz sprawdzonych dostawc\u00f3w us\u0142ug takich jak np. YouTube, WordPress, Google.<\/p>\n<p>Z informacji zebranych przez pliki cookies korzystamy wy\u0142\u0105cznie w naszych celach. Informacje zebrane przez pliki cookies mo\u017cemy udost\u0119pni\u0107 sp\u00f3\u0142ce dzia\u0142aj\u0105cej w naszym imieniu na Twoim obszarze tj. Oknoplast Sp. z o.o. z siedzib\u0105 w Ochmanowie, adres: Ochman\u00f3w 117, 32-003 Pod\u0142\u0119\u017ce \u2013 w celu obs\u0142ugi Ciebie jako naszego klienta. W przypadku obs\u0142ugi Twojego zapytania lub przedstawienia oferty tak\u017ce wybrany przez Ciebie lub przez nas Partner Handlowy mo\u017ce mie\u0107 dost\u0119p do informacji zebranych przez pliki cookies i Twoich danych osobowych, je\u017celi zosta\u0142y mu przekazane przez Oknoplast w celu obs\u0142ugi Ciebie w zakresie produkt\u00f3w i us\u0142ug Oknoplast lub w celu skontaktowania si\u0119 z Tob\u0105 w celach marketingowych, je\u017celi wyrazi\u0142e\u015b na to zgod\u0119.<\/p>\n<p>Je\u017celi nasz Partner Handlowy dzia\u0142a we w\u0142asnych celach np. w celu sprzeda\u017cy w\u0142asnych produkt\u00f3w i us\u0142ug, jest on samodzielnym administratorem Twoich danych osobowych lub informacji zebranych przez pliki cookies stosowane przez niego na jego w\u0142asnych stronach internetowych \u2013 w takim przypadku odpowiada samodzielnie za prowadzone przez siebie dzia\u0142ania.<\/p>\n<p>Ponadto dostawcy niekt\u00f3rych plik\u00f3w cookies mog\u0105 wykorzystywa\u0107 je do w\u0142asnych cel\u00f3w np. Google, Facebook, YouTube, o kt\u00f3rych mo\u017cesz poczyta\u0107 w ich polityce prywatno\u015bci za\u0142\u0105czonej co do danego pliku przy wykazie dostawc\u00f3w us\u0142ug i ich plik\u00f3w cookies w tabeli \u201ePoka\u017c szczeg\u00f3\u0142y\u201d lub w pkt. IX poni\u017cej.<\/p>\n<p>&nbsp;<\/p>\n<h3>VII. Czy pliki cookies zbieraj\u0105 moje dane osobowe?<\/h3>\n<p>Odpowied\u017a zale\u017cy od rodzaju pliku cookies. Zasadniczo pliki cookies nie zbieraj\u0105 informacji, kt\u00f3re mog\u0105 stanowi\u0107 dane osobowe tj. wszelkie informacje o zidentyfikowanej lub mo\u017cliwej do zidentyfikowania osobie fizycznej.<\/p>\n<p>Przyk\u0142adowo pliki cookies statystyczne zbieraj\u0105ce informacje o liczbie wej\u015b\u0107 na stron\u0119 lub informacje, analizuj\u0105ce ruch na stronie nie b\u0119d\u0105 zwykle danymi osobowymi, gdy\u017c b\u0119d\u0105 to zanonimizowane, statystyczne informacje, kt\u00f3rych nie b\u0119dziemy w stanie powi\u0105za\u0107 z konkretnym u\u017cytkownikiem.<\/p>\n<p>Natomiast niekt\u00f3re z zebranych informacji np. za pomoc\u0105 plik\u00f3w marketingowych dotycz\u0105cych zbierania informacji o Twoich zainteresowaniach na podstawie wyszukiwanych na naszej stronie tre\u015bci lub przez pliki analityczne mog\u0105 stanowi\u0107 dane osobowe \u2013 je\u017celi b\u0119dzie mo\u017cliwe powi\u0105zanie ich z Tob\u0105 jako naszym klientem lub osob\u0105, kt\u00f3ra wyrazi\u0142a zgod\u0119 na kontakt marketingowy np. za pomoc\u0105 numeru urz\u0105dzenia, kt\u00f3rym si\u0119 pos\u0142ugujesz i na kt\u00f3rym zosta\u0142 zainstalowany plik cookies.<\/p>\n<p>Dbamy o bezpiecze\u0144stwo tych informacji i korzystamy z nich wy\u0142\u0105cznie do cel\u00f3w obs\u0142ugi Twojej sprawy i naszych wewn\u0119trznych analiz sprzeda\u017cowych. Dzi\u0119ki tym informacjom wiemy co Ci\u0119 interesuje w naszych produktach i mo\u017cemy zaoferowa\u0107 spersonalizowane dla Ciebie tre\u015bci. Dzi\u0119ki temu jeste\u015b bardziej zadowolony z naszych us\u0142ug, przegl\u0105dasz na stronie informacje, kt\u00f3re Ci\u0119 interesuj\u0105 i oszcz\u0119dzasz czas. Pami\u0119taj, \u017ce korzystamy z Tych informacji przede wszystkim dla Twojej satysfakcji z naszych us\u0142ug.<\/p>\n<p>Wi\u0119cej informacji na temat przetwarzania Twoich danych osobowych i przys\u0142uguj\u0105cych Ci praw przeczytasz w\u00a0<a href=\"https:\/\/catadi.com\/pl\/polityka-prywatnosci\/\"><u>Polityce Prywatno\u015bci<\/u><\/a><\/p>\n<h3>VIII. Kontakt<\/h3>\n<p>Kontakt z Oknoplast jest mo\u017cliwy:<\/p>\n<ul>\n<li>w formie elektronicznej za pomoc\u0105 adresu e-mail:<strong>\u00a0biuro@oknoplast.com.pl<\/strong><\/li>\n<li>w formie tradycyjnej korespondencji przes\u0142anej na nasz adres:<strong>\u00a0Oknoplast Sp. z o.o., Ochman\u00f3w 117, 32-003 Pod\u0142\u0119\u017ce<\/strong>.<\/li>\n<\/ul>\n<p>W sprawach zwi\u0105zanych z przetwarzaniem danych osobowych lub plikami cookies prosimy o kontakt na adres e-mail:\u00a0<strong>privacy@oknoplast.com.pl<\/strong><\/p>\n<h2>IX. Zmiana zg\u00f3d cookies oraz lista stosowanych cookies<\/h2>\n<p>Je\u017celi nie zgadzasz si\u0119 na zbieranie przez Oknoplast innych plik\u00f3w cookies ni\u017c niezb\u0119dne wystarczy, \u017ce nie wyrazisz na nie zgody. Je\u017celi natomiast wyrazi\u0142e\u015b zgod\u0119 na korzystanie z plik\u00f3w cookies i chcia\u0142by\u015b j\u0105 zmieni\u0107 wybierz odpowiedni\u0105 opcj\u0119 poni\u017cej. Pami\u0119taj, \u017ce je\u017celi korzystasz z przegl\u0105darki na r\u00f3\u017cnych urz\u0105dzeniach, powiniene\u015b za\u017c\u0105da\u0107 usuni\u0119cia na ka\u017cdym z nich, poniewa\u017c zwykle pliki cookies zapisuj\u0105 si\u0119 co do danego urz\u0105dzenia i nie s\u0105 po\u0142\u0105czone z konkretnym u\u017cytkownikiem ani jego danymi osobowymi.<\/p>\n<\/div>\n<\/div>\n<\/div>\n<\/div>\n<\/div>\n<\/div>\n<div class=\"vc_row wpb_row vc_row-fluid myContainer mpc-row\">\n<div class=\"wpb_column vc_column_container vc_col-sm-12 mpc-column\" data-column-id=\"mpc_column-22646df130c730a\">\n<div class=\"vc_column-inner\">\n<div class=\"wpb_wrapper\">\n<div class=\"wpb_raw_code wpb_raw_js\">\n<div class=\"wpb_wrapper\">\n<div>\n<div class=\"CookieDeclaration\" dir=\"ltr\" lang=\"pl\">\n<p class=\"CookieDeclarationDialogText\">Niniejsza strona korzysta z plik\u00f3w cookie. OKNOPLAST wykorzystuje na stronie pliki cookies w celu zapewnienia jej prawid\u0142owego dzia\u0142ania, statystyczne do analizy ruchu na stronie oraz marketingowe w celu personalizacji reklam. O rodzajach plik\u00f3w cookies, dostawcach us\u0142ug, okresie ich przechowywania lub wycofaniu zgody przeczytasz w\u00a0<a href=\"https:\/\/catadi.com\/pl\/polityka-cookies\/\" target=\"_blank\" rel=\"noopener noreferrer\">Polityce Cookies<\/a>.\u00a0Administratorem danych jest Oknoplast sp. z o.o.\u00a0Wi\u0119cej o danych osobowych i Twoich prawach przeczytasz w\u00a0<a href=\"https:\/\/catadi.com\/pl\/polityka-prywatnosci\/\" target=\"_blank\" rel=\"noopener noreferrer\">Polityce Prywatno\u015bci<\/a><\/p>\n<p>&nbsp;<\/p>\n<p>Cookies to ma\u0142e pliki tekstowe przechowywane na urz\u0105dzeniu u\u017cytkownika przegl\u0105daj\u0105cego stron\u0119 internetow\u0105 np. na komputerze lub smartfonie. S\u0105 powszechnie stosowane na stronach internetowych i maj\u0105 wiele przydatnych funkcji, zar\u00f3wno dla Ciebie jak i dla administratora strony.<\/p>\n<p><strong>Je\u017celi zaakceptujesz wszystkie pliki cookies b\u0119dziesz m\u00f3g\u0142 korzysta\u0107 w pe\u0142ni z mo\u017cliwo\u015bci strony i pomo\u017cesz nam poprawi\u0107 standard naszych us\u0142ug. Je\u015bli nie wyrazisz \u017cadnej zgody zainstalujemy tylko pliki niezb\u0119dne, a niekt\u00f3re funkcje nie b\u0119d\u0105 dzia\u0142a\u0107 np. nie zobaczysz na stronie filmik\u00f3w YouTube ani komentarzy z naszego bloga.<\/strong>\u00a0Mo\u017cesz te\u017c zarz\u0105dza\u0107 rodzajami plik\u00f3w cookies, na kt\u00f3re si\u0119 zgadzasz w panelu wy\u015bwietlanym przy odwiedzinach naszej strony.<\/p>\n<\/div>\n<\/div>\n<\/div>\n<\/div>\n<\/div>\n<\/div>\n<\/div>\n<\/div>\n<\/div><div class=\"fusion-text fusion-text-2\"><p><script id=\"CookieDeclaration\" src=\"https:\/\/consent.cookiebot.com\/0dc21c72-5504-438b-afa6-dfa4faeccf8a\/cd.js\" type=\"text\/javascript\" async><\/script><\/p>\n<\/div><\/div><\/div><\/div><\/div>","protected":false},"excerpt":{"rendered":"","protected":false},"author":1,"featured_media":0,"parent":0,"menu_order":0,"comment_status":"closed","ping_status":"closed","template":"","meta":{"footnotes":""},"class_list":["post-2544","page","type-page","status-publish","hentry"],"yoast_head":"<!-- This site is optimized with the Yoast SEO plugin v26.8 - https:\/\/yoast.com\/product\/yoast-seo-wordpress\/ -->\n<title>Polityka cookies - Catadi - okna i drzwi<\/title>\n<meta name=\"robots\" content=\"index, follow, max-snippet:-1, max-image-preview:large, max-video-preview:-1\" \/>\n<link rel=\"canonical\" href=\"https:\/\/catadi.com\/pl\/polityka-cookies\/\" \/>\n<meta property=\"og:locale\" content=\"pl_PL\" \/>\n<meta property=\"og:type\" content=\"article\" \/>\n<meta property=\"og:title\" content=\"Polityka cookies - Catadi - okna i drzwi\" \/>\n<meta property=\"og:url\" content=\"https:\/\/catadi.com\/pl\/polityka-cookies\/\" \/>\n<meta property=\"og:site_name\" content=\"Catadi - okna i drzwi\" \/>\n<meta property=\"article:modified_time\" content=\"2025-02-10T09:45:41+00:00\" \/>\n<meta name=\"twitter:card\" content=\"summary_large_image\" \/>\n<meta name=\"twitter:label1\" content=\"Szacowany czas czytania\" \/>\n\t<meta name=\"twitter:data1\" content=\"9 minut\" \/>\n<script type=\"application\/ld+json\" class=\"yoast-schema-graph\">{\"@context\":\"https:\/\/schema.org\",\"@graph\":[{\"@type\":\"WebPage\",\"@id\":\"https:\/\/catadi.com\/pl\/polityka-cookies\/\",\"url\":\"https:\/\/catadi.com\/pl\/polityka-cookies\/\",\"name\":\"Polityka cookies - Catadi - okna i drzwi\",\"isPartOf\":{\"@id\":\"https:\/\/catadi.com\/pl\/#website\"},\"datePublished\":\"2023-05-24T11:17:10+00:00\",\"dateModified\":\"2025-02-10T09:45:41+00:00\",\"breadcrumb\":{\"@id\":\"https:\/\/catadi.com\/pl\/polityka-cookies\/#breadcrumb\"},\"inLanguage\":\"pl-PL\",\"potentialAction\":[{\"@type\":\"ReadAction\",\"target\":[\"https:\/\/catadi.com\/pl\/polityka-cookies\/\"]}]},{\"@type\":\"BreadcrumbList\",\"@id\":\"https:\/\/catadi.com\/pl\/polityka-cookies\/#breadcrumb\",\"itemListElement\":[{\"@type\":\"ListItem\",\"position\":1,\"name\":\"Strona g\u0142\u00f3wna\",\"item\":\"https:\/\/catadi.com\/pl\/\"},{\"@type\":\"ListItem\",\"position\":2,\"name\":\"Polityka cookies\"}]},{\"@type\":\"WebSite\",\"@id\":\"https:\/\/catadi.com\/pl\/#website\",\"url\":\"https:\/\/catadi.com\/pl\/\",\"name\":\"Catadi - okna i drzwi\",\"description\":\"\",\"publisher\":{\"@id\":\"https:\/\/catadi.com\/pl\/#organization\"},\"potentialAction\":[{\"@type\":\"SearchAction\",\"target\":{\"@type\":\"EntryPoint\",\"urlTemplate\":\"https:\/\/catadi.com\/pl\/?s={search_term_string}\"},\"query-input\":{\"@type\":\"PropertyValueSpecification\",\"valueRequired\":true,\"valueName\":\"search_term_string\"}}],\"inLanguage\":\"pl-PL\"},{\"@type\":\"Organization\",\"@id\":\"https:\/\/catadi.com\/pl\/#organization\",\"name\":\"Catadi - okna i drzwi\",\"url\":\"https:\/\/catadi.com\/pl\/\",\"logo\":{\"@type\":\"ImageObject\",\"inLanguage\":\"pl-PL\",\"@id\":\"https:\/\/catadi.com\/pl\/#\/schema\/logo\/image\/\",\"url\":\"https:\/\/catadi.com\/pl\/wp-content\/uploads\/2021\/11\/logo_CATADI_1.svg\",\"contentUrl\":\"https:\/\/catadi.com\/pl\/wp-content\/uploads\/2021\/11\/logo_CATADI_1.svg\",\"width\":204,\"height\":55,\"caption\":\"Catadi - okna i drzwi\"},\"image\":{\"@id\":\"https:\/\/catadi.com\/pl\/#\/schema\/logo\/image\/\"}}]}<\/script>\n<!-- \/ Yoast SEO plugin. -->","yoast_head_json":{"title":"Polityka cookies - Catadi - okna i drzwi","robots":{"index":"index","follow":"follow","max-snippet":"max-snippet:-1","max-image-preview":"max-image-preview:large","max-video-preview":"max-video-preview:-1"},"canonical":"https:\/\/catadi.com\/pl\/polityka-cookies\/","og_locale":"pl_PL","og_type":"article","og_title":"Polityka cookies - Catadi - okna i drzwi","og_url":"https:\/\/catadi.com\/pl\/polityka-cookies\/","og_site_name":"Catadi - okna i drzwi","article_modified_time":"2025-02-10T09:45:41+00:00","twitter_card":"summary_large_image","twitter_misc":{"Szacowany czas czytania":"9 minut"},"schema":{"@context":"https:\/\/schema.org","@graph":[{"@type":"WebPage","@id":"https:\/\/catadi.com\/pl\/polityka-cookies\/","url":"https:\/\/catadi.com\/pl\/polityka-cookies\/","name":"Polityka cookies - Catadi - okna i drzwi","isPartOf":{"@id":"https:\/\/catadi.com\/pl\/#website"},"datePublished":"2023-05-24T11:17:10+00:00","dateModified":"2025-02-10T09:45:41+00:00","breadcrumb":{"@id":"https:\/\/catadi.com\/pl\/polityka-cookies\/#breadcrumb"},"inLanguage":"pl-PL","potentialAction":[{"@type":"ReadAction","target":["https:\/\/catadi.com\/pl\/polityka-cookies\/"]}]},{"@type":"BreadcrumbList","@id":"https:\/\/catadi.com\/pl\/polityka-cookies\/#breadcrumb","itemListElement":[{"@type":"ListItem","position":1,"name":"Strona g\u0142\u00f3wna","item":"https:\/\/catadi.com\/pl\/"},{"@type":"ListItem","position":2,"name":"Polityka cookies"}]},{"@type":"WebSite","@id":"https:\/\/catadi.com\/pl\/#website","url":"https:\/\/catadi.com\/pl\/","name":"Catadi - okna i drzwi","description":"","publisher":{"@id":"https:\/\/catadi.com\/pl\/#organization"},"potentialAction":[{"@type":"SearchAction","target":{"@type":"EntryPoint","urlTemplate":"https:\/\/catadi.com\/pl\/?s={search_term_string}"},"query-input":{"@type":"PropertyValueSpecification","valueRequired":true,"valueName":"search_term_string"}}],"inLanguage":"pl-PL"},{"@type":"Organization","@id":"https:\/\/catadi.com\/pl\/#organization","name":"Catadi - okna i drzwi","url":"https:\/\/catadi.com\/pl\/","logo":{"@type":"ImageObject","inLanguage":"pl-PL","@id":"https:\/\/catadi.com\/pl\/#\/schema\/logo\/image\/","url":"https:\/\/catadi.com\/pl\/wp-content\/uploads\/2021\/11\/logo_CATADI_1.svg","contentUrl":"https:\/\/catadi.com\/pl\/wp-content\/uploads\/2021\/11\/logo_CATADI_1.svg","width":204,"height":55,"caption":"Catadi - okna i drzwi"},"image":{"@id":"https:\/\/catadi.com\/pl\/#\/schema\/logo\/image\/"}}]}},"_links":{"self":[{"href":"https:\/\/catadi.com\/pl\/wp-json\/wp\/v2\/pages\/2544","targetHints":{"allow":["GET"]}}],"collection":[{"href":"https:\/\/catadi.com\/pl\/wp-json\/wp\/v2\/pages"}],"about":[{"href":"https:\/\/catadi.com\/pl\/wp-json\/wp\/v2\/types\/page"}],"author":[{"embeddable":true,"href":"https:\/\/catadi.com\/pl\/wp-json\/wp\/v2\/users\/1"}],"replies":[{"embeddable":true,"href":"https:\/\/catadi.com\/pl\/wp-json\/wp\/v2\/comments?post=2544"}],"version-history":[{"count":10,"href":"https:\/\/catadi.com\/pl\/wp-json\/wp\/v2\/pages\/2544\/revisions"}],"predecessor-version":[{"id":2662,"href":"https:\/\/catadi.com\/pl\/wp-json\/wp\/v2\/pages\/2544\/revisions\/2662"}],"wp:attachment":[{"href":"https:\/\/catadi.com\/pl\/wp-json\/wp\/v2\/media?parent=2544"}],"curies":[{"name":"wp","href":"https:\/\/api.w.org\/{rel}","templated":true}]}}