{"id":2544,"date":"2023-05-24T13:17:10","date_gmt":"2023-05-24T11:17:10","guid":{"rendered":"https:\/\/catadi.com\/sk\/?page_id=2544"},"modified":"2023-07-12T11:30:25","modified_gmt":"2023-07-12T09:30:25","slug":"zasady-pouzivania-suborov-cookie","status":"publish","type":"page","link":"https:\/\/catadi.com\/sk\/zasady-pouzivania-suborov-cookie\/","title":{"rendered":"Z\u00e1sady pou\u017e\u00edvania s\u00faborov cookie"},"content":{"rendered":"<div class=\"fusion-fullwidth fullwidth-box fusion-builder-row-1 fusion-flex-container nonhundred-percent-fullwidth non-hundred-percent-height-scrolling\" style=\"--awb-border-radius-top-left:0px;--awb-border-radius-top-right:0px;--awb-border-radius-bottom-right:0px;--awb-border-radius-bottom-left:0px;--awb-flex-wrap:wrap;\" ><div class=\"fusion-builder-row fusion-row fusion-flex-align-items-flex-start fusion-flex-content-wrap\" style=\"max-width:1331.2px;margin-left: calc(-4% \/ 2 );margin-right: calc(-4% \/ 2 );\"><div class=\"fusion-layout-column fusion_builder_column fusion-builder-column-0 fusion_builder_column_1_1 1_1 fusion-flex-column\" style=\"--awb-bg-size:cover;--awb-width-large:100%;--awb-margin-top-large:0px;--awb-spacing-right-large:1.92%;--awb-margin-bottom-large:0px;--awb-spacing-left-large:1.92%;--awb-width-medium:100%;--awb-spacing-right-medium:1.92%;--awb-spacing-left-medium:1.92%;--awb-width-small:100%;--awb-spacing-right-small:1.92%;--awb-spacing-left-small:1.92%;\"><div class=\"fusion-column-wrapper fusion-flex-justify-content-flex-start fusion-content-layout-column\"><div class=\"fusion-text fusion-text-1\"><h2><span style=\"font-size: 16px;\">I. \u00davod<\/span><\/h2>\n<div class=\"wpb_text_column wpb_content_element \">\n<div class=\"wpb_wrapper\">\n<p>Oknoplast Sp. z o. o. so s\u00eddlom v Ochman\u00f3we, \u010falej len \u201eOknoplast\u201c alebo \u201eSpolo\u010dnos\u0165\u201c, priklad\u00e1 ve\u013ek\u00fd v\u00fdznam ochrane s\u00fakromia a bezpe\u010dnosti v\u0161etk\u00fdch n\u00e1v\u0161tevn\u00edkov webov\u00fdch str\u00e1nok spravovan\u00fdch Spolo\u010dnos\u0165ou.<\/p>\n<p>V tomto dokumente chceme uvies\u0165 najd\u00f4le\u017eitej\u0161ie inform\u00e1cie s\u00favisiace s pou\u017e\u00edvan\u00edm cookies na na\u0161ich webov\u00fdch str\u00e1nkach.<\/p>\n<p>&nbsp;<\/p>\n<h2>II. \u010co s\u00fa cookies?<\/h2>\n<p>Cookies s\u00fa mal\u00e9 textov\u00e9 s\u00fabory, ktor\u00e9 sa ukladaj\u00fa do zariadenia u\u017e\u00edvate\u013ea pri prehliadan\u00ed webovej str\u00e1nky, napr\u00edklad na po\u010d\u00edta\u010di alebo smartf\u00f3ne. S\u00fa \u010dasto pou\u017e\u00edvan\u00e9 na webov\u00fdch str\u00e1nkach a maj\u00fa mnoho u\u017eito\u010dn\u00fdch funkci\u00ed pre v\u00e1s aj spr\u00e1vcu webu.<\/p>\n<p>&nbsp;<\/p>\n<h2>III. Pre\u010do potrebujete m\u00f4j s\u00fahlas so s\u00fabormi cookie?<\/h2>\n<p><strong>Ak chcete vyu\u017e\u00edva\u0165 v\u0161etky funkcie na webovej str\u00e1nke, potrebujeme v\u00e1\u0161 s\u00fahlas s pou\u017e\u00edvan\u00edm cookies. Toto je d\u00f4le\u017eit\u00e1 vec! V\u010faka cookies:<\/strong><\/p>\n<p><strong>\u00a0<\/strong><\/p>\n<ul>\n<li>db\u00e1me o bezpe\u010dnos\u0165 webov\u00fdch str\u00e1nok,<\/li>\n<li>zobrazujeme v\u00e1m webov\u00fa str\u00e1nku a jej z\u00e1kladn\u00e9 funkcie<\/li>\n<li>zlep\u0161ujeme prev\u00e1dzku a v\u00fdkonnos\u0165 webov\u00fdch str\u00e1nok,<\/li>\n<li>poskytujeme pr\u00edstup k vide\u00e1m YouTube na webovej str\u00e1nke a k soci\u00e1lnym m\u00e9di\u00e1m,<\/li>\n<li>optimalizujeme prev\u00e1dzku webu v\u010faka \u0161tatistik\u00e1m,<\/li>\n<li>pam\u00e4t\u00e1me si preferencie pou\u017e\u00edvate\u013ea, ako je jazyk webovej str\u00e1nky,<\/li>\n<li>vieme, \u010do v\u00e1s zauj\u00edma a vieme v\u00e1m personalizova\u0165 obsah, v\u010faka \u010domu web napln\u00ed va\u0161e o\u010dak\u00e1vania.<\/li>\n<\/ul>\n<p><strong>Ak prijmete v\u0161etky s\u00fabory cookie, budete m\u00f4c\u0165 naplno vyu\u017e\u00edva\u0165 webov\u00fa str\u00e1nku a pom\u00f4c\u0165 n\u00e1m zlep\u0161i\u0165 \u00farove\u0148 na\u0161ich slu\u017eieb. Ak svoj s\u00fahlas neudel\u00edte, nain\u0161talujeme iba potrebn\u00e9 s\u00fabory a niektor\u00e9 funkcie nebud\u00fa fungova\u0165, napr\u00edklad na webovej str\u00e1nke neuvid\u00edte vide\u00e1 YouTube alebo koment\u00e1re z n\u00e1\u0161ho blogu.<\/strong><\/p>\n<p>&nbsp;<\/p>\n<p>M\u00f4\u017eete tie\u017e spravova\u0165 typy s\u00faborov cookie, s ktor\u00fdmi s\u00fahlas\u00edte, na paneli zobrazenom pri n\u00e1v\u0161teve na\u0161ej webovej str\u00e1nky alebo kliknut\u00edm na pr\u00edslu\u0161n\u00fd odkaz. IX ni\u017e\u0161ie.<\/p>\n<p>&nbsp;<\/p>\n<h2>IV. Ak\u00e9 s\u00fabory cookie sa pou\u017e\u00edvaj\u00fa?<\/h2>\n<p>S\u00fabory cookie maj\u00fa r\u00f4zne funkcie, ktor\u00e9 n\u00e1m pom\u00e1haj\u00fa nielen postara\u0165 sa o fungovanie webovej str\u00e1nky, ale aj u\u013eah\u010duj\u00fa jej pou\u017e\u00edvate\u013eom jej pou\u017e\u00edvanie.<\/p>\n<p>Podrobn\u00fd zoznam s\u00faborov cookie pou\u017e\u00edvan\u00fdch na webovej str\u00e1nke n\u00e1jdete v bode IX ni\u017e\u0161ie.<\/p>\n<p>Na na\u0161ej webovej str\u00e1nke pou\u017e\u00edvame nasleduj\u00face typy cookies:<\/p>\n<ul>\n<li>Nevyhnutn\u00e9<\/li>\n<\/ul>\n<p>Nevyhnutn\u00e9 s\u00fabory cookie s\u00fa absol\u00fatne nevyhnutn\u00e9 pre spr\u00e1vne fungovanie webovej str\u00e1nky a nie je mo\u017en\u00e9 ich spr\u00e1vne vypn\u00fa\u0165. Umo\u017e\u0148uj\u00fa navig\u00e1ciu na webe, zais\u0165uj\u00fa jeho bezpe\u010dnos\u0165 alebo umo\u017e\u0148uj\u00fa pr\u00edstup k slu\u017eb\u00e1m ako kontaktn\u00fd formul\u00e1r \u010di prihl\u00e1senie. Bez t\u00fdchto s\u00faborov cookies nem\u00f4\u017ee webov\u00e1 str\u00e1nka spr\u00e1vne fungova\u0165.<\/p>\n<ul>\n<li>Prednostn\u00e9<\/li>\n<\/ul>\n<p>Tieto s\u00fabory cookie umo\u017e\u0148uj\u00fa webovej str\u00e1nke zapam\u00e4ta\u0165 si nastavenia str\u00e1nky, ktor\u00e9 ste si vybrali, a pom\u00e1haj\u00fa n\u00e1m zlep\u0161i\u0165 fungovanie webovej str\u00e1nky tak, aby bola pre v\u00e1s viac prisp\u00f4soben\u00e1, napr\u00edklad preferovan\u00fd jazyk alebo regi\u00f3n, v ktorom sa nach\u00e1dzate.<\/p>\n<ul>\n<li>\u0161tatistick\u00e9 (analytick\u00e9)<\/li>\n<\/ul>\n<p>\u0160tatistick\u00e9 s\u00fabory cookies analyzuj\u00fa po\u010det n\u00e1v\u0161tev, zdroje n\u00e1v\u0161tevnosti webovej str\u00e1nky a sp\u00f4sob, ak\u00fdm n\u00e1v\u0161tevn\u00edci pou\u017e\u00edvaj\u00fa webov\u00fa str\u00e1nku, aby sme mohli zlep\u0161i\u0165 v\u00fdkonnos\u0165 webovej str\u00e1nky. Inform\u00e1cie zhroma\u017eden\u00e9 t\u00fdmito s\u00fabormi s\u00fa zvy\u010dajne prezentovan\u00e9 v anonymizovanej forme vo forme s\u00fahrnn\u00e9ho v\u00fdsledku, napr\u00edklad po\u010det n\u00e1v\u0161tev na webovej str\u00e1nke. Ak s t\u00fdmito s\u00fabormi nebudete s\u00fahlasi\u0165, nebudeme m\u00f4c\u0165 web optimalizova\u0165 ani monitorova\u0165 n\u00e1v\u0161tevnos\u0165 webu, \u010do je k\u013e\u00fa\u010dov\u00e9 pre efekt\u00edvnu spr\u00e1vu webu.<\/p>\n<ul>\n<li>Marketingov\u00e9<\/li>\n<\/ul>\n<p>Marketingov\u00e9 s\u00fabory cookies n\u00e1m pom\u00e1haj\u00fa dod\u00e1va\u0165 obsah a funkcie na webovej str\u00e1nke, ktor\u00e9 v\u00e1s zauj\u00edmaj\u00fa. Tieto s\u00fabory pou\u017e\u00edvame napr\u00edklad na pou\u017e\u00edvanie funkci\u00ed, ako je prehr\u00e1vanie videa (YouTube) alebo z\u00e1suvn\u00e9 moduly soci\u00e1lnych m\u00e9di\u00ed (Facebook), pri\u010dom poskytovatelia t\u00fdchto slu\u017eieb m\u00f4\u017eu zhroma\u017eden\u00e9 inform\u00e1cie pou\u017ei\u0165 na vlastn\u00e9 \u00fa\u010dely, o ktor\u00fdch si m\u00f4\u017eete pre\u010d\u00edta\u0165 v ich z\u00e1sad\u00e1ch ochrany osobn\u00fdch \u00fadajov. M\u00f4\u017eu by\u0165 tie\u017e pou\u017eit\u00e9 na zobrazovanie rekl\u00e1m a v\u00fdber obsahu pre v\u00e1s s\u00favisiaceho so skupinou Oknoplast na z\u00e1klade va\u0161ich z\u00e1ujmov a zabr\u00e1nenia tomu, aby sa v\u00e1m zobrazovala rovnak\u00e1 reklama. Tieto inform\u00e1cie pou\u017e\u00edvame na na\u0161e \u00fa\u010dely a nepred\u00e1vame va\u0161e \u00fadaje tret\u00edm stran\u00e1m, hoci poskytovatelia ur\u010dit\u00fdch s\u00faborov cookie uveden\u00ed v tabu\u013eke\u00a0 v bode IX ni\u017e\u0161ie ich m\u00f4\u017eu pou\u017ei\u0165 na svoje vlastn\u00e9 \u00fa\u010dely, napr. Google, Facebook.<\/p>\n<p>&nbsp;<\/p>\n<h2>V. Ako dlho s\u00fa cookies ulo\u017een\u00e9?<\/h2>\n<p>S\u00fabory cookie m\u00f4\u017eu ma\u0165 nasleduj\u00faci charakter:<\/p>\n<ol>\n<li>Rel\u00e1cia \u2013 s\u00fa do\u010dasne ulo\u017een\u00e9 po\u010das pou\u017e\u00edvania webovej str\u00e1nky a automaticky sa vyma\u017e\u00fa po zatvoren\u00ed prehliada\u010da.<\/li>\n<li>Trval\u00e9 \u2013 ukladaj\u00fa sa aj po zatvoren\u00ed prehliada\u010da na \u010das ur\u010den\u00fd vlastn\u00edkom s\u00faboru cookie.<\/li>\n<\/ol>\n<p>Dobu uchov\u00e1vania ka\u017ed\u00e9ho s\u00faboru cookie n\u00e1jdete v bode IX ni\u017e\u0161ie.<\/p>\n<p>&nbsp;<\/p>\n<h2>VI. Pou\u017e\u00edvaj\u00fa cookies in\u00e9 subjekty?<\/h2>\n<p>Na webovej str\u00e1nke pou\u017e\u00edvame vlastn\u00e9 cookies a overen\u00fdch poskytovate\u013eov slu\u017eieb, ako s\u00fa YouTube, WordPress, Google.<\/p>\n<p>Inform\u00e1cie zhroma\u017eden\u00e9 s\u00fabormi cookie pou\u017e\u00edvame iba na na\u0161e \u00fa\u010dely. Inform\u00e1cie zhroma\u017eden\u00e9 s\u00fabormi cookie m\u00f4\u017eeme zdie\u013ea\u0165 so spolo\u010dnos\u0165ou konaj\u00facou v na\u0161om mene vo va\u0161ej oblasti, aby sme v\u00e1m mohli sl\u00fa\u017ei\u0165 ako n\u00e1\u0161 klient. V pr\u00edpade vybavovania V\u00e1\u0161ho dopytu alebo predkladania ponuky m\u00f4\u017ee ma\u0165 Vami alebo nami vybran\u00fd Obchodn\u00fd partner pr\u00edstup k inform\u00e1ci\u00e1m zhroma\u017eden\u00fdm s\u00fabormi cookie a Va\u0161im osobn\u00fdm \u00fadajom, ak mu ich spolo\u010dnos\u0165 Oknoplast poskytne, aby V\u00e1m poskytol slu\u017eby v rozsahu Produkty a slu\u017eby spolo\u010dnosti Oknoplast alebo za \u00fa\u010delom kontaktovania na marketingov\u00e9 \u00fa\u010dely, ak ste s t\u00fdm s\u00fahlasili .<\/p>\n<p>&nbsp;<\/p>\n<p>Ak n\u00e1\u0161 Obchodn\u00fd partner kon\u00e1 pre svoje vlastn\u00e9 \u00fa\u010dely, napr. pri predaji vlastn\u00fdch produktov a slu\u017eieb, je nez\u00e1visl\u00fdm spr\u00e1vcom va\u0161ich osobn\u00fdch \u00fadajov alebo inform\u00e1ci\u00ed zhroma\u017eden\u00fdch s\u00fabormi cookie, ktor\u00e9 pou\u017e\u00edva na svojich webov\u00fdch str\u00e1nkach \u2013 v tomto pr\u00edpade je zodpovedn\u00fd za svoje vlastn\u00e9 aktivity..<\/p>\n<p>Poskytovatelia ur\u010dit\u00fdch s\u00faborov cookie ich navy\u0161e m\u00f4\u017eu pou\u017e\u00edva\u0165 na svoje vlastn\u00e9 \u00fa\u010dely, napr\u00edklad Google, Facebook, YouTube, o ktor\u00fdch si m\u00f4\u017eete pre\u010d\u00edta\u0165 v ich z\u00e1sad\u00e1ch ochrany osobn\u00fdch \u00fadajov prilo\u017een\u00fdch k dan\u00e9mu s\u00faboru so zoznamom poskytovate\u013eov slu\u017eieb a ich s\u00fabormi cookie v tabu\u013eke v bod IX ni\u017e\u0161ie.<\/p>\n<p>&nbsp;<\/p>\n<h2>VII. Zhroma\u017e\u010fuj\u00fa cookies moje osobn\u00e9 \u00fadaje?<\/h2>\n<p>Odpove\u010f z\u00e1vis\u00ed od typu s\u00faboru cookie. Vo v\u0161eobecnosti s\u00fabory cookie nezhroma\u017e\u010fuj\u00fa inform\u00e1cie, ktor\u00e9 m\u00f4\u017eu predstavova\u0165 osobn\u00e9 \u00fadaje, t. j. \u017eiadne inform\u00e1cie o identifikovanej alebo identifikovate\u013enej fyzickej osobe .<\/p>\n<p>Napr\u00edklad \u0161tatistick\u00e9 s\u00fabory cookie zbieraj\u00face inform\u00e1cie o po\u010dte n\u00e1v\u0161tev webovej str\u00e1nky alebo inform\u00e1cie analyzuj\u00face n\u00e1v\u0161tevnos\u0165 webovej str\u00e1nky zvy\u010dajne nebud\u00fa osobn\u00fdmi \u00fadajmi, ke\u010f\u017ee p\u00f4jde o anonymizovan\u00e9 \u0161tatistick\u00e9 inform\u00e1cie, ktor\u00e9 nebudeme m\u00f4c\u0165 priradi\u0165 ku konkr\u00e9tnemu pou\u017e\u00edvate\u013eovi.<\/p>\n<p>Niektor\u00e9 zo zhroma\u017eden\u00fdch inform\u00e1ci\u00ed, napr. prostredn\u00edctvom marketingov\u00fdch s\u00faborov t\u00fdkaj\u00facich sa zhroma\u017e\u010fovania inform\u00e1ci\u00ed o va\u0161ich z\u00e1ujmoch na z\u00e1klade obsahu vyh\u013ead\u00e1van\u00e9ho na na\u0161ej webovej str\u00e1nke alebo prostredn\u00edctvom analytick\u00fdch s\u00faborov, v\u0161ak m\u00f4\u017eu predstavova\u0165 osobn\u00e9 \u00fadaje \u2013 ak je mo\u017en\u00e9 ich prepoji\u0165 s vami ako n\u00e1\u0161 klient alebo osoba, ktor\u00e1 s\u00fahlasila s marketingov\u00fdm kontaktom, napr\u00edklad pomocou \u010d\u00edsla zariadenia, ktor\u00e9 pou\u017e\u00edvate a na ktorom je nain\u0161talovan\u00fd s\u00fabor cookie.<\/p>\n<p>Star\u00e1me sa o bezpe\u010dnos\u0165 t\u00fdchto inform\u00e1ci\u00ed a pou\u017e\u00edvame ich iba na \u00fa\u010dely spracovania v\u00e1\u0161ho pr\u00edpadu a na\u0161ich intern\u00fdch anal\u00fdz predaja. V\u010faka t\u00fdmto inform\u00e1ci\u00e1m vieme, \u010do v\u00e1s na na\u0161ich produktoch zauj\u00edma a vieme v\u00e1m pon\u00faknu\u0165 personalizovan\u00fd obsah. V\u010faka tomu ste s na\u0161imi slu\u017ebami spokojnej\u0161\u00ed, prezer\u00e1te si na str\u00e1nke inform\u00e1cie, ktor\u00e9 v\u00e1s zauj\u00edmaj\u00fa a \u0161etr\u00edte \u010das. Nezabudnite, \u017ee tieto inform\u00e1cie pou\u017e\u00edvame predov\u0161etk\u00fdm pre va\u0161u spokojnos\u0165 s na\u0161imi slu\u017ebami.<\/p>\n<p>&nbsp;<\/p>\n<p>Viac inform\u00e1ci\u00ed o spracovan\u00ed va\u0161ich osobn\u00fdch \u00fadajov a va\u0161ich pr\u00e1vach n\u00e1jdete v\u00a0<a href=\"https:\/\/oknoplast.sk\/politika-ochrany-osobnich-udaju-na-webovych-strankach\/\">Z\u00e1sad\u00e1ch ochrany osobn\u00fdch \u00fadajov<\/a><\/p>\n<h2>VIII. Kontakt<\/h2>\n<p>Kontakt s Oknoplastom je mo\u017en\u00fd:<\/p>\n<ul>\n<li>v elektronickej forme na e-mailov\u00fa adresu:<strong>\u00a0biuro@oknoplast.com.pl<\/strong><\/li>\n<li>formou klasickej kore\u0161pondencie zasielanej na na\u0161u adresu:<strong>\u00a0Oknoplast Sp. z o.o., Ochman\u00f3w 117, 32-003 Pod\u0142\u0119\u017ce<\/strong>\u00a0.<\/li>\n<\/ul>\n<\/div>\n<\/div>\n<\/div><div class=\"fusion-text fusion-text-2\"><p><script id=\"CookieDeclaration\" src=\"https:\/\/consent.cookiebot.com\/0dc21c72-5504-438b-afa6-dfa4faeccf8a\/cd.js\" type=\"text\/javascript\" async><\/script><\/p>\n<\/div><\/div><\/div><\/div><\/div>\n","protected":false},"excerpt":{"rendered":"","protected":false},"author":1,"featured_media":0,"parent":0,"menu_order":0,"comment_status":"closed","ping_status":"closed","template":"","meta":{"footnotes":""},"class_list":["post-2544","page","type-page","status-publish","hentry"],"_links":{"self":[{"href":"https:\/\/catadi.com\/sk\/wp-json\/wp\/v2\/pages\/2544","targetHints":{"allow":["GET"]}}],"collection":[{"href":"https:\/\/catadi.com\/sk\/wp-json\/wp\/v2\/pages"}],"about":[{"href":"https:\/\/catadi.com\/sk\/wp-json\/wp\/v2\/types\/page"}],"author":[{"embeddable":true,"href":"https:\/\/catadi.com\/sk\/wp-json\/wp\/v2\/users\/1"}],"replies":[{"embeddable":true,"href":"https:\/\/catadi.com\/sk\/wp-json\/wp\/v2\/comments?post=2544"}],"version-history":[{"count":11,"href":"https:\/\/catadi.com\/sk\/wp-json\/wp\/v2\/pages\/2544\/revisions"}],"predecessor-version":[{"id":2671,"href":"https:\/\/catadi.com\/sk\/wp-json\/wp\/v2\/pages\/2544\/revisions\/2671"}],"wp:attachment":[{"href":"https:\/\/catadi.com\/sk\/wp-json\/wp\/v2\/media?parent=2544"}],"curies":[{"name":"wp","href":"https:\/\/api.w.org\/{rel}","templated":true}]}}